{"id":814,"date":"2016-09-06T11:31:27","date_gmt":"2016-09-06T11:31:27","guid":{"rendered":"http:\/\/simayyachtcharters.com\/?page_id=814"},"modified":"2026-01-10T08:12:19","modified_gmt":"2026-01-10T08:12:19","slug":"rezervasyon","status":"publish","type":"page","link":"https:\/\/simayyachtcharters.com\/tr\/rezervasyon\/","title":{"rendered":"Rezervasyon"},"content":{"rendered":"<h2><a href=\"https:\/\/simayyachtcharters.com\/\">Rezervasyon<\/a> -Simay Yat Kiralama \u2013 \u00d6zel Yat Kiralama <a href=\"https:\/\/www.hasyatkiralama.com\/en\/home.html\" target=\"_blank\" rel=\"noopener\">T\u00fcrkiye<\/a>\u00a0&amp; Yunanistan<\/h2>\n<p>Simay Yacht Charters&#039;da, hayalinizdeki yat deneyimini kolay ve zahmetsiz bir \u015fekilde rezerve etmenizi sa\u011fl\u0131yoruz. L\u00fcks yat se\u00e7eneklerimize g\u00f6z at\u0131n, tercih etti\u011finiz tarihi ve var\u0131\u015f noktas\u0131n\u0131 se\u00e7in ve rezervasyonunuzu sadece birka\u00e7 basit ad\u0131mda g\u00fcvence alt\u0131na al\u0131n. Kullan\u0131c\u0131 dostu rezervasyon sistemimiz, kusursuz bir ka\u00e7ama\u011f\u0131 planlamaya odaklanman\u0131z\u0131 sa\u011flayarak sorunsuz bir s\u00fcre\u00e7 sa\u011flar. \u0130ster rahatlat\u0131c\u0131 bir gemi yolculu\u011fu ister macera dolu bir deniz gezisi olsun, yolculu\u011funuzu unutulmaz k\u0131lmak i\u00e7in buraday\u0131z. Hemen rezervasyon yap\u0131n ve g\u00fcvenle yelken a\u00e7\u0131n!<\/p>\n<p>&nbsp;<\/p>\n<figure id=\"attachment_9101\" aria-describedby=\"caption-attachment-9101\" style=\"width: 300px\" class=\"wp-caption aligncenter\"><img fetchpriority=\"high\" decoding=\"async\" class=\"size-medium wp-image-9101\" src=\"https:\/\/simayyachtcharters.com\/wp-content\/uploads\/2025\/03\/Arielle-Exterior-2-300x169.jpg\" alt=\"Rezervasyon\" width=\"300\" height=\"169\" title=\"\" srcset=\"https:\/\/simayyachtcharters.com\/wp-content\/uploads\/2025\/03\/Arielle-Exterior-2-300x169.jpg 300w, https:\/\/simayyachtcharters.com\/wp-content\/uploads\/2025\/03\/Arielle-Exterior-2-1024x576.jpg 1024w, https:\/\/simayyachtcharters.com\/wp-content\/uploads\/2025\/03\/Arielle-Exterior-2-768x432.jpg 768w, https:\/\/simayyachtcharters.com\/wp-content\/uploads\/2025\/03\/Arielle-Exterior-2-889x500.jpg 889w, https:\/\/simayyachtcharters.com\/wp-content\/uploads\/2025\/03\/Arielle-Exterior-2.jpg 1280w\" sizes=\"(max-width: 300px) 100vw, 300px\" \/><figcaption id=\"caption-attachment-9101\" class=\"wp-caption-text\">Rezervasyon<\/figcaption><\/figure>","protected":false},"excerpt":{"rendered":"<p>Booking -Simay Yacht Charters &#8211; Private Yacht Charter Turkey\u00a0&amp;\u00a0Greece At Simay Yacht Charters, we make book your dream yacht experience easy and hassle-free. Browse our selection of luxury yachts, choose your preferred date and destination, and secure your reservation in just a few simple steps. Our user-friendly book system ensures a smooth process, allowing you [&hellip;]<\/p>","protected":false},"author":2,"featured_media":0,"parent":0,"menu_order":0,"comment_status":"closed","ping_status":"closed","template":"","meta":{"footnotes":""},"class_list":["post-814","page","type-page","status-publish","hentry"],"_links":{"self":[{"href":"https:\/\/simayyachtcharters.com\/tr\/wp-json\/wp\/v2\/pages\/814","targetHints":{"allow":["GET"]}}],"collection":[{"href":"https:\/\/simayyachtcharters.com\/tr\/wp-json\/wp\/v2\/pages"}],"about":[{"href":"https:\/\/simayyachtcharters.com\/tr\/wp-json\/wp\/v2\/types\/page"}],"author":[{"embeddable":true,"href":"https:\/\/simayyachtcharters.com\/tr\/wp-json\/wp\/v2\/users\/2"}],"replies":[{"embeddable":true,"href":"https:\/\/simayyachtcharters.com\/tr\/wp-json\/wp\/v2\/comments?post=814"}],"version-history":[{"count":5,"href":"https:\/\/simayyachtcharters.com\/tr\/wp-json\/wp\/v2\/pages\/814\/revisions"}],"predecessor-version":[{"id":12642,"href":"https:\/\/simayyachtcharters.com\/tr\/wp-json\/wp\/v2\/pages\/814\/revisions\/12642"}],"wp:attachment":[{"href":"https:\/\/simayyachtcharters.com\/tr\/wp-json\/wp\/v2\/media?parent=814"}],"curies":[{"name":"wp","href":"https:\/\/api.w.org\/{rel}","templated":true}]}}