{"id":6525,"date":"2016-07-18T12:37:46","date_gmt":"2016-07-18T12:37:46","guid":{"rendered":"http:\/\/simayyachtcharters.com\/?page_id=2"},"modified":"2025-10-13T09:09:10","modified_gmt":"2025-10-13T09:09:10","slug":"kisa-kodlar","status":"publish","type":"page","link":"https:\/\/simayyachtcharters.com\/tr\/kisa-kodlar\/","title":{"rendered":"K\u0131sa kodlar"},"content":{"rendered":"<div class=\"wpb-content-wrapper\"><div class=\"vc_row wpb_row vc_row-fluid\"><div class=\"wpb_column vc_column_container vc_col-sm-12\"><div class=\"vc_column-inner\"><div class=\"wpb_wrapper\">[trx_columns][trx_column_item animation=\u201dfadeInLeft\u201d][trx_title type=\u201d2\u2033 top=\u201dnull\u201d]Video[\/trx_title][trx_video url=\u201dhttps:\/\/vimeo.com\/51589652\u2033 image=\u201d90\u2033][\/trx_column_item][trx_column_item animation=\u201dfadeInRight\u201d][trx_title type=\u201d2\u2033 top=\u201dnull\u201d]Kayd\u0131r\u0131c\u0131[\/trx_title][trx_slider cat=\u201d20\u2033 count=\u201d5\u2033 controls=\u201dyes\u201d][\/trx_slider][\/trx_column_item][\/trx_columns]<\/div><\/div><\/div><\/div><div class=\"vc_row wpb_row vc_row-fluid\"><div class=\"wpb_column vc_column_container vc_col-sm-12\"><div class=\"vc_column-inner\"><div class=\"wpb_wrapper\">[trx_line \u00fcst=\u201dpx_90\u2033 alt=\u201dpx_90\u2033]<\/div><\/div><\/div><\/div><div class=\"vc_row wpb_row vc_row-fluid\"><div class=\"wpb_column vc_column_container vc_col-sm-12\"><div class=\"vc_column-inner\"><div class=\"wpb_wrapper\">[trx_columns][trx_column_item animation=\u201dfadeInLeft\u201d][trx_title type=\u201d2\u2033 top=\u201dnull\u201d]Ses[\/trx_title][trx_audio url=\u201dhttp:\/\/simayyachtcharters.com\/wp-content\/uploads\/2016\/07\/sample-melody.mp3\u2033 title=\u201dBuraya Ses Ba\u015fl\u0131\u011f\u0131n\u0131 Ekleyin\u201d author=\u201dJennifer Henrich\u201d][\/trx_column_item][trx_column_item animation=\u201dfadeInRight\u201d][trx_title type=\u201d2\u2033 top=\u201dnull\u201d bottom=\u201dpx_20\u2033]\u0130lerleme \u00c7ubuklar\u0131[\/trx_title][trx_skills color=\u201d#bc1834\u2033 count=\u201d2\u2033][trx_skills_item title=\u201dGrafik tasar\u0131m\u201d de\u011fer=\u201d85%\u201d][\/trx_skills_item][trx_skills_item title=\u201dHTML5 &amp; Css3\u2033 de\u011fer=\u201d50%\u201d][\/trx_skills_item][trx_skills_item title=\u201dWeb tasar\u0131m\u0131\u201d de\u011fer=\u201d43%\u201d][\/trx_skills_item][trx_skills_item title=\u201dWordpress\u201d de\u011fer=\u201d70%\u201d][\/trx_skills_item][\/trx_skills][\/trx_column_item][\/trx_columns]<\/div><\/div><\/div><\/div><div class=\"vc_row wpb_row vc_row-fluid\"><div class=\"wpb_column vc_column_container vc_col-sm-12\"><div class=\"vc_column-inner\"><div class=\"wpb_wrapper\">[trx_line \u00fcst=\u201dpx_90\u2033 alt=\u201dpx_90\u2033]<\/div><\/div><\/div><\/div><div class=\"vc_row wpb_row vc_row-fluid\"><div class=\"wpb_column vc_column_container vc_col-sm-12\"><div class=\"vc_column-inner\"><div class=\"wpb_wrapper\">[trx_section animation=\u201dfadeInUp\u201d][trx_title type=\u201d2\u2033 top=\u201dnull\u201d]Yetenekler[\/trx_title][trx_columns count=\u201d5\u2033 margins=\u201d\u201d][trx_column_item span=\u201d2\u2033][trx_skills type=\u201dpie\u201d layout=\u201dcolumns\u201d columns=\u201d2\u2033 color=\u201d#d7b084\u2033 pie_compact=\u201dno\u201d pie_cutout=\u201d96\u2033 count=\u201d2\u2033][trx_skills_item title=\u201dGrafik Tasar\u0131m\u201d value=\u201d85%\u201d bg_color=\u201d#f0f1f3\u2033 border_color=\u201d#ffffff\u201d style=\u201d1\u2033 class=\u201dscr-1\u2033][\/trx_skills_item][trx_skills_item title=\u201dHTML &amp; CSS3\u2033 value=\u201d75%\u201d bg_color=\u201d#f0f1f3\u2033 border_color=\u201d#ffffff\u201d style=\u201d1\u2033 class=\u201dscr-1\u2033][\/trx_skills_item][\/trx_skills][\/trx_column_item][trx_column_item span=\u201d3\u2033][trx_skills type=\u201dcounter\u201d layout=\u201dcolumns\u201d style=\u201d1\u2033 columns=\u201d3\u2033][trx_skills_item title=\u201dSertifikal\u0131<br \/>\nbayi\u201d value=\u201d331\u2033 style=\u201d1\u2033 icon=\u201dicon-boat\u201d][\/trx_skills_item][trx_skills_item title=\u201dyelkencilik<br \/>\nyatlar\u201d value=\u201d293\u2033 style=\u201d1\u2033 icon=\u201dicon-transport\u201d][\/trx_skills_item][trx_skills_item title=\u201dEtkinlik Yat<br \/>\nT\u00fcz\u00fckler\u201d value=\u201d273\u2033 style=\u201d1\u2033 icon=\u201dicon-glass\u201d][\/trx_skills_item][\/trx_skills][\/trx_column_item][\/trx_columns][\/trx_section]<\/div><\/div><\/div><\/div><div class=\"vc_row wpb_row vc_row-fluid\"><div class=\"wpb_column vc_column_container vc_col-sm-12\"><div class=\"vc_column-inner\"><div class=\"wpb_wrapper\">[trx_line \u00fcst=\u201dpx_90\u2033 alt=\u201dpx_90\u2033]<\/div><\/div><\/div><\/div><div class=\"vc_row wpb_row vc_row-fluid\"><div class=\"wpb_column vc_column_container vc_col-sm-12\"><div class=\"vc_column-inner\"><div class=\"wpb_wrapper\">[trx_section animation=\u201dfadeInUp\u201d][trx_title type=\u201d2\u2033 top=\u201dnull\u201d]Fiyat Tablosu[\/trx_title][trx_columns count=\u201d3\u2033 margins=\u201d\u201d class=\u201dmaxHBoxPrice\u201d][trx_column_item span=\u201d1\u2033 animation=\u201dfadeInLeft\u201d][trx_price_block title=\u201dpontoon\u201d link=\u201d#\u201d link_text=\u201d\u00e7evrimi\u00e7i rezervasyon\u201d icon=\u201dnone\u201d money=\u201d199\u2033 style=\u201d\u201d]<strong>4<\/strong> Saatler (ilk gelen ilk al\u0131r)<br \/>\n<strong>200<\/strong> \u00dcyeler[\/trx_price_block][\/trx_column_item][trx_column_item span=\u201d1\u2033 animation=\u201dfadeInUp\u201d][trx_price_block title=\u201dSLIDEZILLA\u201d link=\u201d#\u201d link_text=\u201d\u00e7evrimi\u00e7i rezervasyon\u201d icon=\u201dicon-anchor\u201d money=\u201d567\u2033 style=\u201d\u201d]<strong>4<\/strong> Saatler (ilk gelen ilk al\u0131r)<br \/>\n<strong>200<\/strong> \u00dcyeler<br \/>\n<strong>09:00-17:00<\/strong> Sezon boyunca<br \/>\n<strong>20&#039;ye kadar kiralay\u0131n<\/strong> Tekneler[\/trx_price_block][\/trx_column_item][trx_column_item span=\u201d1\u2033 animation=\u201dfadeInRight\u201d][trx_price_block title=\u201dTritoon\u201d link=\u201d#\u201d link_text=\u201d\u00e7evrimi\u00e7i rezervasyon\u201d money=\u201d973\u2033 style=\u201d1\u2033]<strong>4<\/strong> Saatler (ilk gelen ilk al\u0131r)<br \/>\n<strong>200<\/strong> \u00dcyeler<br \/>\n<strong>09:00-17:00<\/strong> Sezon boyunca<br \/>\n<strong>20&#039;ye kadar kiralay\u0131n<\/strong> Tekneler[\/trx_price_block][\/trx_column_item][\/trx_columns][\/trx_section]<\/div><\/div><\/div><\/div><div class=\"vc_row wpb_row vc_row-fluid\"><div class=\"wpb_column vc_column_container vc_col-sm-12\"><div class=\"vc_column-inner\"><div class=\"wpb_wrapper\">[trx_line \u00fcst=\u201dpx_90\u2033 alt=\u201dpx_90\u2033]<\/div><\/div><\/div><\/div><div class=\"vc_row wpb_row vc_row-fluid\"><div class=\"wpb_column vc_column_container vc_col-sm-12\"><div class=\"vc_column-inner\"><div class=\"wpb_wrapper\">[trx_section align=\u201dcenter\u201d animasyon=\u201dfadeInUp\u201d geni\u015flik=\u201d70%\u201d]<div class=\"vc_separator wpb_content_element vc_separator_align_center vc_sep_width_100 vc_sep_pos_align_center vc_sep_color_grey wpb_content_element cTitle_1 vc_separator-has-text\" ><span class=\"vc_sep_holder vc_sep_holder_l\"><span class=\"vc_sep_line\"><\/span><\/span><h4>Referanslar<\/h4><span class=\"vc_sep_holder vc_sep_holder_r\"><span class=\"vc_sep_line\"><\/span><\/span>\n<\/div>[trx_testimonials controls=\u201dpagination\u201d cat=\u201d0\u2033 top=\u201dnull\u201d bottom=\u201dnull\u201d title=\u201d\u201d subtitle=\u201d\u201d description=\u201d\u201d][\/trx_testimonials][\/trx_section]<\/div><\/div><\/div><\/div><div class=\"vc_row wpb_row vc_row-fluid\"><div class=\"wpb_column vc_column_container vc_col-sm-12\"><div class=\"vc_column-inner\"><div class=\"wpb_wrapper\">[trx_line \u00fcst=\u201dpx_70\u2033 alt=\u201dpx_90\u2033]<\/div><\/div><\/div><\/div><div class=\"vc_row wpb_row vc_row-fluid\"><div class=\"wpb_column vc_column_container vc_col-sm-12\"><div class=\"vc_column-inner\"><div class=\"wpb_wrapper\">[trx_title type=\u201d2\u2033 top=\u201dnull\u201d]Harekete Ge\u00e7irme \u00c7a\u011fr\u0131s\u0131[\/trx_title][trx_columns margins=\u201d\u201d class=\u201dmaxHBox\u201d][trx_column_item class=\u201dinverse_colors\u201d animation=\u201dfadeInLeft\u201d][trx_section align=\u201dcenter\u201d bg_color=\u201d#050f36\u2033 bg_image=\u201d96\u2033 bg_tile=\u201d\u201d bg_overlay=\u201d0,7\u2033 class=\u201dmaxHBoxItem\u201d][trx_title type=\u201d2\u2033 align=\u201dcenter\u201d font_weight=\u201d400\u2033 top=\u201dpx_70\u2033 bottom=\u201dpx_30\u2033]THE <span style=\"color: #d7b084 !important;\">EKSTRA<\/span><br \/>\nYAT\u00c7ILIK DERECELER\u0130[\/trx_title][trx_button style_color=\u201dstyle_color_2\u2033 css=\u201dmargin: 0 auto;\u201d]hakk\u0131m\u0131zda[\/trx_button][\/trx_section][\/trx_column_item][trx_column_item animation=\u201dfadeInRight\u201d][trx_section class=\u201dmaxHBoxItem\u201d][trx_googlemap zoom=\u201d13\u2033 style=\u201dapple\u201d height=\u201d320\u2033][trx_googlemap_marker address=\u201d100 Linden Ave, Wilmette, IL 60091\u2033 point=\u201d431\u2033][\/trx_googlemap_marker][\/trx_googlemap][\/trx_section][\/trx_column_item][\/trx_columns]<\/div><\/div><\/div><\/div>\n<\/div>","protected":false},"excerpt":{"rendered":"[trx_columns][trx_column_item animation=\"fadeInLeft\"][trx_title type=\"2\" top=\"null\"]Video[\/trx_title][trx_video url=\"https:\/\/vimeo.com\/51589652\" image=\"90\"][\/trx_column_item][trx_column_item animation=\"fadeInRight\"][trx_title type=\"2\" top=\"null\"]Slider[\/trx_title][trx_slider cat=\"20\" count=\"5\" controls=\"yes\"][\/trx_slider][\/trx_column_item][\/trx_columns][trx_line top=\"px_90\" bottom=\"px_90\"][trx_columns][trx_column_item animation=\"fadeInLeft\"][trx_title type=\"2\" top=\"null\"]Audio[\/trx_title][trx_audio url=\"http:\/\/simayyachtcharters.com\/wp-content\/uploads\/2016\/07\/sample-melody.mp3\" title=\"Insert Audio Title Here\" author=\"Jennifer Henrich\"][\/trx_column_item][trx_column_item animation=\"fadeInRight\"][trx_title type=\"2\" top=\"null\" bottom=\"px_20\"]Progress Bars[\/trx_title][trx_skills color=\"#bc1834\" count=\"2\"][trx_skills_item title=\"Graphic design\" value=\"85%\"][\/trx_skills_item][trx_skills_item title=\"HTML5 &amp; Css3\" value=\"50%\"][\/trx_skills_item][trx_skills_item title=\"Web design\" value=\"43%\"][\/trx_skills_item][trx_skills_item title=\"Wordpress\" value=\"70%\"][\/trx_skills_item][\/trx_skills][\/trx_column_item][\/trx_columns][trx_line top=\"px_90\" bottom=\"px_90\"][trx_section animation=\"fadeInUp\"][trx_title type=\"2\" top=\"null\"]Skills[\/trx_title][trx_columns count=\"5\" margins=\"\"][trx_column_item span=\"2\"][trx_skills type=\"pie\" layout=\"columns\" columns=\"2\" color=\"#d7b084\" [...]","protected":false},"author":2,"featured_media":0,"parent":0,"menu_order":0,"comment_status":"closed","ping_status":"open","template":"","meta":{"footnotes":""},"class_list":["post-6525","page","type-page","status-publish","hentry"],"_links":{"self":[{"href":"https:\/\/simayyachtcharters.com\/tr\/wp-json\/wp\/v2\/pages\/6525","targetHints":{"allow":["GET"]}}],"collection":[{"href":"https:\/\/simayyachtcharters.com\/tr\/wp-json\/wp\/v2\/pages"}],"about":[{"href":"https:\/\/simayyachtcharters.com\/tr\/wp-json\/wp\/v2\/types\/page"}],"author":[{"embeddable":true,"href":"https:\/\/simayyachtcharters.com\/tr\/wp-json\/wp\/v2\/users\/2"}],"replies":[{"embeddable":true,"href":"https:\/\/simayyachtcharters.com\/tr\/wp-json\/wp\/v2\/comments?post=6525"}],"version-history":[{"count":1,"href":"https:\/\/simayyachtcharters.com\/tr\/wp-json\/wp\/v2\/pages\/6525\/revisions"}],"predecessor-version":[{"id":12342,"href":"https:\/\/simayyachtcharters.com\/tr\/wp-json\/wp\/v2\/pages\/6525\/revisions\/12342"}],"wp:attachment":[{"href":"https:\/\/simayyachtcharters.com\/tr\/wp-json\/wp\/v2\/media?parent=6525"}],"curies":[{"name":"wp","href":"https:\/\/api.w.org\/{rel}","templated":true}]}}