{"id":2017,"date":"2018-12-04T15:57:44","date_gmt":"2018-12-04T15:57:44","guid":{"rendered":"http:\/\/demo06.gethomey.io\/?page_id=2017"},"modified":"2025-10-13T09:08:13","modified_gmt":"2025-10-13T09:08:13","slug":"arama-sonuclari","status":"publish","type":"page","link":"https:\/\/simayyachtcharters.com\/tr\/arama-sonuclari\/","title":{"rendered":"Arama Sonu\u00e7lar\u0131"},"content":{"rendered":"<p>Arama Sonu\u00e7lar\u0131<\/p>","protected":false},"excerpt":{"rendered":"<p>Arama Sonu\u00e7lar\u0131<\/p>","protected":false},"author":2,"featured_media":0,"parent":0,"menu_order":0,"comment_status":"closed","ping_status":"closed","template":"template\/template-search.php","meta":{"footnotes":""},"class_list":["post-2017","page","type-page","status-publish","hentry"],"_links":{"self":[{"href":"https:\/\/simayyachtcharters.com\/tr\/wp-json\/wp\/v2\/pages\/2017","targetHints":{"allow":["GET"]}}],"collection":[{"href":"https:\/\/simayyachtcharters.com\/tr\/wp-json\/wp\/v2\/pages"}],"about":[{"href":"https:\/\/simayyachtcharters.com\/tr\/wp-json\/wp\/v2\/types\/page"}],"author":[{"embeddable":true,"href":"https:\/\/simayyachtcharters.com\/tr\/wp-json\/wp\/v2\/users\/2"}],"replies":[{"embeddable":true,"href":"https:\/\/simayyachtcharters.com\/tr\/wp-json\/wp\/v2\/comments?post=2017"}],"version-history":[{"count":1,"href":"https:\/\/simayyachtcharters.com\/tr\/wp-json\/wp\/v2\/pages\/2017\/revisions"}],"predecessor-version":[{"id":12340,"href":"https:\/\/simayyachtcharters.com\/tr\/wp-json\/wp\/v2\/pages\/2017\/revisions\/12340"}],"wp:attachment":[{"href":"https:\/\/simayyachtcharters.com\/tr\/wp-json\/wp\/v2\/media?parent=2017"}],"curies":[{"name":"wp","href":"https:\/\/api.w.org\/{rel}","templated":true}]}}