{"id":2,"date":"2025-03-03T08:29:55","date_gmt":"2025-03-03T08:29:55","guid":{"rendered":"https:\/\/danverairporttransfer.com\/?page_id=2"},"modified":"2026-03-19T11:57:02","modified_gmt":"2026-03-19T11:57:02","slug":"turkiyede-yat-kiralama-banka-hesap-bilgileri","status":"publish","type":"page","link":"https:\/\/simayyachtcharters.com\/tr\/turkiyede-yat-kiralama-banka-hesap-bilgileri\/","title":{"rendered":"Banka Hesap Bilgileri"},"content":{"rendered":"<div class=\"wpb-content-wrapper\"><p><span dir=\"auto\" style=\"vertical-align: inherit;\"><span dir=\"auto\" style=\"vertical-align: inherit;\"><div class=\"vc_row wpb_row vc_row-fluid\"><div class=\"wpb_column vc_column_container vc_col-sm-12\"><div class=\"vc_column-inner\"><div class=\"wpb_wrapper\">\n\t<div class=\"wpb_text_column wpb_content_element\" >\n\t\t<div class=\"wpb_wrapper\">\n\t\t\t<p><\/span><\/span><\/p>\n<h2 style=\"text-align: left;\"><strong><u><span dir=\"auto\" style=\"vertical-align: inherit;\"><span dir=\"auto\" style=\"vertical-align: inherit;\">Banka Hesap Bilgileri - <\/span><\/span><a href=\"https:\/\/simayyachtcharters.com\/bank-account-details\/\"><span dir=\"auto\" style=\"vertical-align: inherit;\"><span dir=\"auto\" style=\"vertical-align: inherit;\">Simay Yat Kiralama<\/span><\/span><\/a><\/u><\/strong><\/h2>\n<p style=\"text-align: left;\"><strong><u><span dir=\"auto\" style=\"vertical-align: inherit;\"><span dir=\"auto\" style=\"vertical-align: inherit;\">Company Name: <\/span><\/span><\/u><u><span dir=\"auto\" style=\"vertical-align: inherit;\"><span dir=\"auto\" style=\"vertical-align: inherit;\">Hasmarine Yat\u00e7\u0131l\u0131k Limited \u015eirketi<\/span><\/span><\/u><\/strong><\/p>\n<p style=\"text-align: left;\"><strong><u><img decoding=\"async\" class=\"alignnone wp-image-11952\" src=\"https:\/\/simayyachtcharters.com\/wp-content\/uploads\/2025\/04\/isbank-icon-300x78.png\" alt=\"\" width=\"169\" height=\"44\" title=\"\" srcset=\"https:\/\/simayyachtcharters.com\/wp-content\/uploads\/2025\/04\/isbank-icon-300x78.png 300w, https:\/\/simayyachtcharters.com\/wp-content\/uploads\/2025\/04\/isbank-icon-1024x267.png 1024w, https:\/\/simayyachtcharters.com\/wp-content\/uploads\/2025\/04\/isbank-icon-768x200.png 768w, https:\/\/simayyachtcharters.com\/wp-content\/uploads\/2025\/04\/isbank-icon-1536x400.png 1536w, https:\/\/simayyachtcharters.com\/wp-content\/uploads\/2025\/04\/isbank-icon-18x5.png 18w, https:\/\/simayyachtcharters.com\/wp-content\/uploads\/2025\/04\/isbank-icon.png 1920w\" sizes=\"(max-width: 169px) 100vw, 169px\" \/><\/u><\/strong><\/p>\n<p style=\"text-align: left;\"><strong><u><span dir=\"auto\" style=\"vertical-align: inherit;\"><span dir=\"auto\" style=\"vertical-align: inherit;\">SWIFT CODE:<\/span><\/span><\/u><\/strong><span dir=\"auto\" style=\"vertical-align: inherit;\"><span dir=\"auto\" style=\"vertical-align: inherit;\">\u00a0ISBKTRIS<\/span><\/span><br \/><strong><u><span dir=\"auto\" style=\"vertical-align: inherit;\"><span dir=\"auto\" style=\"vertical-align: inherit;\"> ADDRESS:<\/span><\/span><\/u><\/strong><span dir=\"auto\" style=\"vertical-align: inherit;\"><span dir=\"auto\" style=\"vertical-align: inherit;\"> Cumhuriyet Mahallesi Atat\u00fcrk Caddesi No:66 Fethiye \/ Mu\u011fla - T\u00fcrkiye<\/span><\/span><\/p>\n<p><span dir=\"auto\" style=\"vertical-align: inherit;\"><span dir=\"auto\" style=\"vertical-align: inherit;\">T\u00fcrkiye \u0130\u015f Bankas\u0131 Fethiye\/Mu\u011fla<\/span><\/span><\/p>\n<p><strong><span dir=\"auto\" style=\"vertical-align: inherit;\"><span dir=\"auto\" style=\"vertical-align: inherit;\">TL<\/span><\/span><\/strong><span dir=\"auto\" style=\"vertical-align: inherit;\"><span dir=\"auto\" style=\"vertical-align: inherit;\">\u00a0 \u00a0 \u00a0 \u00a0 TR85 0006 4000 0013 6211 2271 23<\/span><\/span><\/p>\n<p><strong><span dir=\"auto\" style=\"vertical-align: inherit;\"><span dir=\"auto\" style=\"vertical-align: inherit;\">EUR\u00a0 \u00a0 <\/span><\/span><\/strong><span dir=\"auto\" style=\"vertical-align: inherit;\"><span dir=\"auto\" style=\"vertical-align: inherit;\">TR71 0006 4000 0023 6210 3810 45<\/span><\/span><\/p>\n<p><strong><span dir=\"auto\" style=\"vertical-align: inherit;\"><span dir=\"auto\" style=\"vertical-align: inherit;\">GBP<\/span><\/span><\/strong><span dir=\"auto\" style=\"vertical-align: inherit;\"><span dir=\"auto\" style=\"vertical-align: inherit;\">\u00a0 \u00a0 TR10 0006 4000 0023 6210 3863 14<\/span><\/span><\/p>\n<p><strong><span dir=\"auto\" style=\"vertical-align: inherit;\"><span dir=\"auto\" style=\"vertical-align: inherit;\">ABD DOLARI<\/span><\/span><\/strong><span dir=\"auto\" style=\"vertical-align: inherit;\"><span dir=\"auto\" style=\"vertical-align: inherit;\">\u00a0 \u00a0 TR49 0006 4000 0023 6210 3698 98<\/span><\/span><\/p>\n<hr \/>\n<figure class=\"wp-block-table\"><\/figure>\n<p><img decoding=\"async\" class=\"alignnone wp-image-11953\" src=\"https:\/\/simayyachtcharters.com\/wp-content\/uploads\/2025\/04\/garantibank-300x54.png\" alt=\"\" width=\"206\" height=\"37\" title=\"\" srcset=\"https:\/\/simayyachtcharters.com\/wp-content\/uploads\/2025\/04\/garantibank-300x54.png 300w, https:\/\/simayyachtcharters.com\/wp-content\/uploads\/2025\/04\/garantibank-768x138.png 768w, https:\/\/simayyachtcharters.com\/wp-content\/uploads\/2025\/04\/garantibank-18x3.png 18w, https:\/\/simayyachtcharters.com\/wp-content\/uploads\/2025\/04\/garantibank.png 986w\" sizes=\"(max-width: 206px) 100vw, 206px\" \/>\u00a0<\/p>\n<p><span dir=\"auto\" style=\"vertical-align: inherit;\"><span dir=\"auto\" style=\"vertical-align: inherit;\">Garanti Bankas\u0131 Fethiye \/ Mu\u011fla\u00a0<\/span><\/span><\/p>\n<p><strong><span dir=\"auto\" style=\"vertical-align: inherit;\"><span dir=\"auto\" style=\"vertical-align: inherit;\">\u00a0TL<\/span><\/span><\/strong><span dir=\"auto\" style=\"vertical-align: inherit;\"><span dir=\"auto\" style=\"vertical-align: inherit;\">\u00a0 \u00a0 \u00a0 \u00a0TR80 0006 2000 0650 0006 2937 71<\/span><\/span><\/p>\n<p><strong><span dir=\"auto\" style=\"vertical-align: inherit;\"><span dir=\"auto\" style=\"vertical-align: inherit;\">EUR\u00a0 \u00a0<\/span><\/span><\/strong><span dir=\"auto\" style=\"vertical-align: inherit;\"><span dir=\"auto\" style=\"vertical-align: inherit;\"> TR15 0006 2000 0650 0009 0695 29<\/span><\/span><\/p>\n<p><strong><span dir=\"auto\" style=\"vertical-align: inherit;\"><span dir=\"auto\" style=\"vertical-align: inherit;\">ABD DOLARI<\/span><\/span><\/strong><span dir=\"auto\" style=\"vertical-align: inherit;\"><span dir=\"auto\" style=\"vertical-align: inherit;\">\u00a0 \u00a0 TR96 0006 2000 0650 0009 0456 64<\/span><\/span><\/p>\n<p>&nbsp;<\/p>\n<p><span dir=\"auto\" style=\"vertical-align: inherit;\"><span dir=\"auto\" style=\"vertical-align: inherit;\"><\/p>\n\n\t\t<\/div>\n\t<\/div>\n<\/div><\/div><\/div><\/div><div class=\"vc_row wpb_row vc_row-fluid\"><div class=\"wpb_column vc_column_container vc_col-sm-12\"><div class=\"vc_column-inner\"><div class=\"wpb_wrapper\"><div class=\"vc_separator wpb_content_element vc_separator_align_center vc_sep_width_100 vc_sep_pos_align_center vc_separator_no_text vc_sep_color_grey wpb_content_element  wpb_content_element\" ><span class=\"vc_sep_holder vc_sep_holder_l\"><span class=\"vc_sep_line\"><\/span><\/span><span class=\"vc_sep_holder vc_sep_holder_r\"><span class=\"vc_sep_line\"><\/span><\/span>\n<\/div><\/div><\/div><\/div><\/div><div class=\"vc_row wpb_row vc_row-fluid\"><div class=\"wpb_column vc_column_container vc_col-sm-12\"><div class=\"vc_column-inner\"><div class=\"wpb_wrapper\"><\/div><\/div><\/div><\/div><\/span><\/span><\/p><\/div>","protected":false},"excerpt":{"rendered":"Bank Account Details - Simay Yacht Charters Company Name: Hasmarine Yat\u00e7\u0131l\u0131k Limited \u015eirketi SWIFT CODE:\u00a0ISBKTRIS ADDRESS: Cumhuriyet Mahallesi Atat\u00fcrk Caddesi No:66 Fethiye \/ Mu\u011fla \u2013 T\u00fcrkiye T\u00fcrkiye \u0130\u015f Bankas\u0131 Fethiye\/Mu\u011fla TL\u00a0 \u00a0 \u00a0 \u00a0 TR85 0006 4000 0013 6211 2271 23 EUR\u00a0 \u00a0 TR71 0006 4000 0023 6210 3810 45 GBP\u00a0 \u00a0 TR10 0006 4000 [...]","protected":false},"author":2,"featured_media":0,"parent":0,"menu_order":0,"comment_status":"closed","ping_status":"open","template":"","meta":{"footnotes":""},"class_list":["post-2","page","type-page","status-publish","hentry"],"_links":{"self":[{"href":"https:\/\/simayyachtcharters.com\/tr\/wp-json\/wp\/v2\/pages\/2","targetHints":{"allow":["GET"]}}],"collection":[{"href":"https:\/\/simayyachtcharters.com\/tr\/wp-json\/wp\/v2\/pages"}],"about":[{"href":"https:\/\/simayyachtcharters.com\/tr\/wp-json\/wp\/v2\/types\/page"}],"author":[{"embeddable":true,"href":"https:\/\/simayyachtcharters.com\/tr\/wp-json\/wp\/v2\/users\/2"}],"replies":[{"embeddable":true,"href":"https:\/\/simayyachtcharters.com\/tr\/wp-json\/wp\/v2\/comments?post=2"}],"version-history":[{"count":19,"href":"https:\/\/simayyachtcharters.com\/tr\/wp-json\/wp\/v2\/pages\/2\/revisions"}],"predecessor-version":[{"id":12898,"href":"https:\/\/simayyachtcharters.com\/tr\/wp-json\/wp\/v2\/pages\/2\/revisions\/12898"}],"wp:attachment":[{"href":"https:\/\/simayyachtcharters.com\/tr\/wp-json\/wp\/v2\/media?parent=2"}],"curies":[{"name":"wp","href":"https:\/\/api.w.org\/{rel}","templated":true}]}}