{"id":1328,"date":"2018-10-25T16:44:28","date_gmt":"2018-10-25T16:44:28","guid":{"rendered":"http:\/\/demo06.gethomey.io\/?page_id=1328"},"modified":"2025-10-13T09:05:11","modified_gmt":"2025-10-13T09:05:11","slug":"sik-sorulan-sorular","status":"publish","type":"page","link":"https:\/\/simayyachtcharters.com\/tr\/sik-sorulan-sorular\/","title":{"rendered":"S\u0131k\u00e7a Sorulan Sorular"},"content":{"rendered":"<div class=\"wpb-content-wrapper\"><div class=\"vc_row wpb_row vc_row-fluid\"><div class=\"wpb_column vc_column_container vc_col-sm-12\"><div class=\"vc_column-inner\"><div class=\"wpb_wrapper\">\n\t<div class=\"wpb_text_column wpb_content_element\" >\n\t\t<div class=\"wpb_wrapper\">\n\t\t\t<p>Lorem ipsum dolor sit amet, consectetur adipiscing elit. Morbi est quam, volutpat et arcu eu, pharetra congue augue. Tamsay\u0131 vel nibh eu eros interdum commodo. Vivamus finibus fringilla libero, id consectetur purus sollicitudin vel. Proin dapibus ante et pharetra luctus. G\u00fczel bir yazar olmadan \u00f6nce ut lacinia. Proin laoreet, sed ornare tacize neden oldu.<\/p>\n\n\t\t<\/div>\n\t<\/div>\n<div class=\"vc_separator wpb_content_element vc_separator_align_center vc_sep_width_100 vc_sep_pos_align_center vc_separator_no_text wpb_content_element  wpb_content_element\" ><span class=\"vc_sep_holder vc_sep_holder_l\"><span style=\"border-color:#d8dce1;\" class=\"vc_sep_line\"><\/span><\/span><span class=\"vc_sep_holder vc_sep_holder_r\"><span style=\"border-color:#d8dce1;\" class=\"vc_sep_line\"><\/span><\/span>\n<\/div><\/div><\/div><\/div><\/div><div class=\"vc_row wpb_row vc_row-fluid\"><div class=\"wpb_column vc_column_container vc_col-sm-12\"><div class=\"vc_column-inner\"><div class=\"wpb_wrapper\">\n\t<div class=\"wpb_text_column wpb_content_element\" >\n\t\t<div class=\"wpb_wrapper\">\n\t\t\t<div>\n<div class=\"_1rlifxji\">\n<div class=\"_12ei9u44\">\n<h2 class=\"_tpbrp\" tabindex=\"-1\">Sizin i\u00e7in \u00f6nerilenler<\/h2>\n<\/div>\n<\/div>\n<\/div>\n\n\t\t<\/div>\n\t<\/div>\n<div id=\"1457564614680-0f2cb9e8-eaaf\" class=\"vc_do_toggle vc_toggle vc_toggle_default vc_toggle_color_default  vc_toggle_size_md\"><div class=\"vc_toggle_title\"><h4>Rezervasyon s\u00fcreci ne kadar s\u00fcr\u00fcyor?<\/h4><i class=\"vc_toggle_icon\"><\/i><\/div><div class=\"vc_toggle_content\"><p>Lorem ipsum dolor sit amet, consectetur adipiscing elit. Morbi est quam, volutpat et arcu eu, pharetra congue augue. Tamsay\u0131 vel nibh eu eros interdum commodo. Vivamus finibus fringilla libero, id consectetur purus sollicitudin vel. Proin dapibus ante et pharetra luctus. G\u00fczel bir yazar olmadan \u00f6nce ut lacinia. Proin laoreet, sed ornare tacize neden oldu. Fusce ara\u00e7 ut nulla facilisis vulputate. Quisque vel purus ac lectus tempus viverra. Maecenas at sem at Erat Pellentesque Hendrerit Nec Massa&#039;da. Vestibulum nec lacinia dui, eski bir congue. Vivamus ac ultricies mauris. Suspendisse commodo tempus suscipit. AB&#039;de i\u015fkence yap\u0131lmad\u0131.<\/p>\n<\/div><\/div><div id=\"1457563269545-df1d9b94-9d5e\" class=\"vc_do_toggle vc_toggle vc_toggle_default vc_toggle_color_default  vc_toggle_size_md\"><div class=\"vc_toggle_title\"><h4>Hangi \u00f6deme y\u00f6ntemleri kabul ediliyor?<\/h4><i class=\"vc_toggle_icon\"><\/i><\/div><div class=\"vc_toggle_content\"><p>Lorem ipsum dolor sit amet, consectetur adipiscing elit. Morbi est quam, volutpat et arcu eu, pharetra congue augue. Tamsay\u0131 vel nibh eu eros interdum commodo. Vivamus finibus fringilla libero, id consectetur purus sollicitudin vel. Proin dapibus ante et pharetra luctus. G\u00fczel bir yazar olmadan \u00f6nce ut lacinia. Proin laoreet, sed ornare tacize neden oldu. Fusce ara\u00e7 ut nulla facilisis vulputate. Quisque vel purus ac lectus tempus viverra. Maecenas at sem at Erat Pellentesque Hendrerit Nec Massa&#039;da. Vestibulum nec lacinia dui, eski bir congue. Vivamus ac ultricies mauris. Suspendisse commodo tempus suscipit. AB&#039;de i\u015fkence yap\u0131lmad\u0131.<\/p>\n<\/div><\/div><div id=\"1457564659743-c02f10f0-44cd\" class=\"vc_do_toggle vc_toggle vc_toggle_default vc_toggle_color_default  vc_toggle_size_md\"><div class=\"vc_toggle_title\"><h4>Vergi beyannamesi al\u0131rsam ne yapmal\u0131y\u0131m?<\/h4><i class=\"vc_toggle_icon\"><\/i><\/div><div class=\"vc_toggle_content\"><p>Lorem ipsum dolor sit amet, consectetur adipiscing elit. Morbi est quam, volutpat et arcu eu, pharetra congue augue. Tamsay\u0131 vel nibh eu eros interdum commodo. Vivamus finibus fringilla libero, id consectetur purus sollicitudin vel. Proin dapibus ante et pharetra luctus. G\u00fczel bir yazar olmadan \u00f6nce ut lacinia. Proin laoreet, sed ornare tacize neden oldu. Fusce ara\u00e7 ut nulla facilisis vulputate. Quisque vel purus ac lectus tempus viverra. Maecenas at sem at Erat Pellentesque Hendrerit Nec Massa&#039;da. Vestibulum nec lacinia dui, eski bir congue. Vivamus ac ultricies mauris. Suspendisse commodo tempus suscipit. AB&#039;de i\u015fkence yap\u0131lmad\u0131.<\/p>\n<\/div><\/div><div id=\"1457563413051-53682728-2bbe\" class=\"vc_do_toggle vc_toggle vc_toggle_default vc_toggle_color_default  vc_toggle_size_md\"><div class=\"vc_toggle_title\"><h4>Bir rezervasyonu \u00f6demek i\u00e7in birden fazla \u00f6deme y\u00f6ntemi kullanabilir miyim?<\/h4><i class=\"vc_toggle_icon\"><\/i><\/div><div class=\"vc_toggle_content\"><p>Lorem ipsum dolor sit amet, consectetur adipiscing elit. Morbi est quam, volutpat et arcu eu, pharetra congue augue. Tamsay\u0131 vel nibh eu eros interdum commodo. Vivamus finibus fringilla libero, id consectetur purus sollicitudin vel. Proin dapibus ante et pharetra luctus. G\u00fczel bir yazar olmadan \u00f6nce ut lacinia. Proin laoreet, sed ornare tacize neden oldu. Fusce ara\u00e7 ut nulla facilisis vulputate. Quisque vel purus ac lectus tempus viverra. Maecenas at sem at Erat Pellentesque Hendrerit Nec Massa&#039;da. Vestibulum nec lacinia dui, eski bir congue. Vivamus ac ultricies mauris. Suspendisse commodo tempus suscipit. AB&#039;de i\u015fkence yap\u0131lmad\u0131.<\/p>\n<\/div><\/div><div id=\"1457563354555-9215d732-d143\" class=\"vc_do_toggle vc_toggle vc_toggle_default vc_toggle_color_default  vc_toggle_size_md\"><div class=\"vc_toggle_title\"><h4>\u00d6deme y\u00f6ntemini nas\u0131l d\u00fczenleyebilir veya kald\u0131rabilirim?<\/h4><i class=\"vc_toggle_icon\"><\/i><\/div><div class=\"vc_toggle_content\"><p>Lorem ipsum dolor sit amet, consectetur adipiscing elit. Morbi est quam, volutpat et arcu eu, pharetra congue augue. Tamsay\u0131 vel nibh eu eros interdum commodo. Vivamus finibus fringilla libero, id consectetur purus sollicitudin vel. Proin dapibus ante et pharetra luctus. G\u00fczel bir yazar olmadan \u00f6nce ut lacinia. Proin laoreet, sed ornare tacize neden oldu. Fusce ara\u00e7 ut nulla facilisis vulputate. Quisque vel purus ac lectus tempus viverra. Maecenas at sem at Erat Pellentesque Hendrerit Nec Massa&#039;da. Vestibulum nec lacinia dui, eski bir congue. Vivamus ac ultricies mauris. Suspendisse commodo tempus suscipit. AB&#039;de i\u015fkence yap\u0131lmad\u0131.<\/p>\n<\/div><\/div><div class=\"vc_separator wpb_content_element vc_separator_align_center vc_sep_width_100 vc_sep_dotted vc_sep_pos_align_center vc_separator_no_text vc_custom_1540486621384 wpb_content_element  vc_custom_1540486621384 wpb_content_element\" ><span class=\"vc_sep_holder vc_sep_holder_l\"><span style=\"border-color:#d8dce1;\" class=\"vc_sep_line\"><\/span><\/span><span class=\"vc_sep_holder vc_sep_holder_r\"><span style=\"border-color:#d8dce1;\" class=\"vc_sep_line\"><\/span><\/span>\n<\/div><\/div><\/div><\/div><\/div><div class=\"vc_row wpb_row vc_row-fluid\"><div class=\"wpb_column vc_column_container vc_col-sm-12\"><div class=\"vc_column-inner\"><div class=\"wpb_wrapper\">\n\t<div class=\"wpb_text_column wpb_content_element\" >\n\t\t<div class=\"wpb_wrapper\">\n\t\t\t<div>\n<div class=\"_12ei9u44\">\n<h2 class=\"_tpbrp\" tabindex=\"-1\">Rezervasyon Sorular\u0131<\/h2>\n<\/div>\n<\/div>\n\n\t\t<\/div>\n\t<\/div>\n<div id=\"1457629903915-f4fbdb9a-385a\" class=\"vc_do_toggle vc_toggle vc_toggle_default vc_toggle_color_default  vc_toggle_size_md\"><div class=\"vc_toggle_title\"><h4>Bekleyen bir rezervasyon talebinde de\u011fi\u015fiklik yapabilir miyim?<\/h4><i class=\"vc_toggle_icon\"><\/i><\/div><div class=\"vc_toggle_content\"><p>Lorem ipsum dolor sit amet, consectetur adipiscing elit. Morbi est quam, volutpat et arcu eu, pharetra congue augue. Tamsay\u0131 vel nibh eu eros interdum commodo. Vivamus finibus fringilla libero, id consectetur purus sollicitudin vel. Proin dapibus ante et pharetra luctus. G\u00fczel bir yazar olmadan \u00f6nce ut lacinia. Proin laoreet, sed ornare tacize neden oldu. Fusce ara\u00e7 ut nulla facilisis vulputate. Quisque vel purus ac lectus tempus viverra. Maecenas at sem at Erat Pellentesque Hendrerit Nec Massa&#039;da. Vestibulum nec lacinia dui, eski bir congue. Vivamus ac ultricies mauris. Suspendisse commodo tempus suscipit. AB&#039;de i\u015fkence yap\u0131lmad\u0131.<\/p>\n<\/div><\/div><div id=\"1457629903405-ea10c05d-bbf1\" class=\"vc_do_toggle vc_toggle vc_toggle_default vc_toggle_color_default  vc_toggle_size_md\"><div class=\"vc_toggle_title\"><h4>Rezervasyon talebimi nas\u0131l iptal edebilirim?<\/h4><i class=\"vc_toggle_icon\"><\/i><\/div><div class=\"vc_toggle_content\"><p>Lorem ipsum dolor sit amet, consectetur adipiscing elit. Morbi est quam, volutpat et arcu eu, pharetra congue augue. Tamsay\u0131 vel nibh eu eros interdum commodo. Vivamus finibus fringilla libero, id consectetur purus sollicitudin vel. Proin dapibus ante et pharetra luctus. G\u00fczel bir yazar olmadan \u00f6nce ut lacinia. Proin laoreet, sed ornare tacize neden oldu. Fusce ara\u00e7 ut nulla facilisis vulputate. Quisque vel purus ac lectus tempus viverra. Maecenas at sem at Erat Pellentesque Hendrerit Nec Massa&#039;da. Vestibulum nec lacinia dui, eski bir congue. Vivamus ac ultricies mauris. Suspendisse commodo tempus suscipit. AB&#039;de i\u015fkence yap\u0131lmad\u0131.<\/p>\n<\/div><\/div><div id=\"1457629903806-1bdd8e50-4baa\" class=\"vc_do_toggle vc_toggle vc_toggle_default vc_toggle_color_default  vc_toggle_size_md\"><div class=\"vc_toggle_title\"><h4>Rezervasyonumun durumunu nas\u0131l kontrol edebilirim?<\/h4><i class=\"vc_toggle_icon\"><\/i><\/div><div class=\"vc_toggle_content\"><p>Lorem ipsum dolor sit amet, consectetur adipiscing elit. Morbi est quam, volutpat et arcu eu, pharetra congue augue. Tamsay\u0131 vel nibh eu eros interdum commodo. Vivamus finibus fringilla libero, id consectetur purus sollicitudin vel. Proin dapibus ante et pharetra luctus. G\u00fczel bir yazar olmadan \u00f6nce ut lacinia. Proin laoreet, sed ornare tacize neden oldu. Fusce ara\u00e7 ut nulla facilisis vulputate. Quisque vel purus ac lectus tempus viverra. Maecenas at sem at Erat Pellentesque Hendrerit Nec Massa&#039;da. Vestibulum nec lacinia dui, eski bir congue. Vivamus ac ultricies mauris. Suspendisse commodo tempus suscipit. AB&#039;de i\u015fkence yap\u0131lmad\u0131.<\/p>\n<\/div><\/div><div id=\"1457629903703-423a10ad-bc2a\" class=\"vc_do_toggle vc_toggle vc_toggle_default vc_toggle_color_default  vc_toggle_size_md\"><div class=\"vc_toggle_title\"><h4>Rezervasyonumu nas\u0131l bulabilirim?<\/h4><i class=\"vc_toggle_icon\"><\/i><\/div><div class=\"vc_toggle_content\"><p>Lorem ipsum dolor sit amet, consectetur adipiscing elit. Morbi est quam, volutpat et arcu eu, pharetra congue augue. Tamsay\u0131 vel nibh eu eros interdum commodo. Vivamus finibus fringilla libero, id consectetur purus sollicitudin vel. Proin dapibus ante et pharetra luctus. G\u00fczel bir yazar olmadan \u00f6nce ut lacinia. Proin laoreet, sed ornare tacize neden oldu. Fusce ara\u00e7 ut nulla facilisis vulputate. Quisque vel purus ac lectus tempus viverra. Maecenas at sem at Erat Pellentesque Hendrerit Nec Massa&#039;da. Vestibulum nec lacinia dui, eski bir congue. Vivamus ac ultricies mauris. Suspendisse commodo tempus suscipit. AB&#039;de i\u015fkence yap\u0131lmad\u0131.<\/p>\n<\/div><\/div><div id=\"1457629903502-a0ca9a93-e098\" class=\"vc_do_toggle vc_toggle vc_toggle_default vc_toggle_color_default  vc_toggle_size_md\"><div class=\"vc_toggle_title\"><h4>Rezervasyonum i\u00e7in ne zaman \u00fccretlendirilirim?<\/h4><i class=\"vc_toggle_icon\"><\/i><\/div><div class=\"vc_toggle_content\"><p>Lorem ipsum dolor sit amet, consectetur adipiscing elit. Morbi est quam, volutpat et arcu eu, pharetra congue augue. Tamsay\u0131 vel nibh eu eros interdum commodo. Vivamus finibus fringilla libero, id consectetur purus sollicitudin vel. Proin dapibus ante et pharetra luctus. G\u00fczel bir yazar olmadan \u00f6nce ut lacinia. Proin laoreet, sed ornare tacize neden oldu. Fusce ara\u00e7 ut nulla facilisis vulputate. Quisque vel purus ac lectus tempus viverra. Maecenas at sem at Erat Pellentesque Hendrerit Nec Massa&#039;da. Vestibulum nec lacinia dui, eski bir congue. Vivamus ac ultricies mauris. Suspendisse commodo tempus suscipit. AB&#039;de i\u015fkence yap\u0131lmad\u0131.<\/p>\n<\/div><\/div><div class=\"vc_separator wpb_content_element vc_separator_align_center vc_sep_width_100 vc_sep_dotted vc_sep_pos_align_center vc_separator_no_text vc_custom_1540486621384 wpb_content_element  vc_custom_1540486621384 wpb_content_element\" ><span class=\"vc_sep_holder vc_sep_holder_l\"><span style=\"border-color:#d8dce1;\" class=\"vc_sep_line\"><\/span><\/span><span class=\"vc_sep_holder vc_sep_holder_r\"><span style=\"border-color:#d8dce1;\" class=\"vc_sep_line\"><\/span><\/span>\n<\/div><\/div><\/div><\/div><\/div><div class=\"vc_row wpb_row vc_row-fluid\"><div class=\"wpb_column vc_column_container vc_col-sm-12\"><div class=\"vc_column-inner\"><div class=\"wpb_wrapper\">\n\t<div class=\"wpb_text_column wpb_content_element\" >\n\t\t<div class=\"wpb_wrapper\">\n\t\t\t<div>\n<div class=\"_1rlifxji\">\n<div class=\"_12ei9u44\">\n<h2 class=\"_tpbrp\" tabindex=\"-1\">Rezervasyonlar\u0131n\u0131zda yard\u0131m<\/h2>\n<\/div>\n<\/div>\n<\/div>\n\n\t\t<\/div>\n\t<\/div>\n<div  class=\"vc_do_toggle vc_toggle vc_toggle_default vc_toggle_color_default  vc_toggle_size_md\"><div class=\"vc_toggle_title\"><h4>Ev sahibim rezervasyonumu iptal ederse ne olur?<\/h4><i class=\"vc_toggle_icon\"><\/i><\/div><div class=\"vc_toggle_content\"><p>Lorem ipsum dolor sit amet, consectetur adipiscing elit. Morbi est quam, volutpat et arcu eu, pharetra congue augue. Tamsay\u0131 vel nibh eu eros interdum commodo. Vivamus finibus fringilla libero, id consectetur purus sollicitudin vel. Proin dapibus ante et pharetra luctus. G\u00fczel bir yazar olmadan \u00f6nce ut lacinia. Proin laoreet, sed ornare tacize neden oldu. Fusce ara\u00e7 ut nulla facilisis vulputate. Quisque vel purus ac lectus tempus viverra. Maecenas at sem at Erat Pellentesque Hendrerit Nec Massa&#039;da. Vestibulum nec lacinia dui, eski bir congue. Vivamus ac ultricies mauris. Suspendisse commodo tempus suscipit. AB&#039;de i\u015fkence yap\u0131lmad\u0131.<\/p>\n<\/div><\/div><div  class=\"vc_do_toggle vc_toggle vc_toggle_default vc_toggle_color_default  vc_toggle_size_md\"><div class=\"vc_toggle_title\"><h4>\u00c7\u00f6z\u00fcm Merkezi Nedir?<\/h4><i class=\"vc_toggle_icon\"><\/i><\/div><div class=\"vc_toggle_content\"><p>Lorem ipsum dolor sit amet, consectetur adipiscing elit. Morbi est quam, volutpat et arcu eu, pharetra congue augue. Tamsay\u0131 vel nibh eu eros interdum commodo. Vivamus finibus fringilla libero, id consectetur purus sollicitudin vel. Proin dapibus ante et pharetra luctus. G\u00fczel bir yazar olmadan \u00f6nce ut lacinia. Proin laoreet, sed ornare tacize neden oldu. Fusce ara\u00e7 ut nulla facilisis vulputate. Quisque vel purus ac lectus tempus viverra. Maecenas at sem at Erat Pellentesque Hendrerit Nec Massa&#039;da. Vestibulum nec lacinia dui, eski bir congue. Vivamus ac ultricies mauris. Suspendisse commodo tempus suscipit. AB&#039;de i\u015fkence yap\u0131lmad\u0131.<\/p>\n<\/div><\/div><div  class=\"vc_do_toggle vc_toggle vc_toggle_default vc_toggle_color_default  vc_toggle_size_md\"><div class=\"vc_toggle_title\"><h4>Konaklad\u0131\u011f\u0131m yerde bir \u015feyimi unuttu\u011fumda ne yapmal\u0131y\u0131m?<\/h4><i class=\"vc_toggle_icon\"><\/i><\/div><div class=\"vc_toggle_content\"><p>Lorem ipsum dolor sit amet, consectetur adipiscing elit. Morbi est quam, volutpat et arcu eu, pharetra congue augue. Tamsay\u0131 vel nibh eu eros interdum commodo. Vivamus finibus fringilla libero, id consectetur purus sollicitudin vel. Proin dapibus ante et pharetra luctus. G\u00fczel bir yazar olmadan \u00f6nce ut lacinia. Proin laoreet, sed ornare tacize neden oldu. Fusce ara\u00e7 ut nulla facilisis vulputate. Quisque vel purus ac lectus tempus viverra. Maecenas at sem at Erat Pellentesque Hendrerit Nec Massa&#039;da. Vestibulum nec lacinia dui, eski bir congue. Vivamus ac ultricies mauris. Suspendisse commodo tempus suscipit. AB&#039;de i\u015fkence yap\u0131lmad\u0131.<\/p>\n<\/div><\/div><div  class=\"vc_do_toggle vc_toggle vc_toggle_default vc_toggle_color_default  vc_toggle_size_md\"><div class=\"vc_toggle_title\"><h4>Ev sahibinden haber alamad\u0131ysam rezervasyon yapt\u0131rmal\u0131 m\u0131y\u0131m?<\/h4><i class=\"vc_toggle_icon\"><\/i><\/div><div class=\"vc_toggle_content\"><p>Lorem ipsum dolor sit amet, consectetur adipiscing elit. Morbi est quam, volutpat et arcu eu, pharetra congue augue. Tamsay\u0131 vel nibh eu eros interdum commodo. Vivamus finibus fringilla libero, id consectetur purus sollicitudin vel. Proin dapibus ante et pharetra luctus. G\u00fczel bir yazar olmadan \u00f6nce ut lacinia. Proin laoreet, sed ornare tacize neden oldu. Fusce ara\u00e7 ut nulla facilisis vulputate. Quisque vel purus ac lectus tempus viverra. Maecenas at sem at Erat Pellentesque Hendrerit Nec Massa&#039;da. Vestibulum nec lacinia dui, eski bir congue. Vivamus ac ultricies mauris. Suspendisse commodo tempus suscipit. AB&#039;de i\u015fkence yap\u0131lmad\u0131.<\/p>\n<\/div><\/div><div  class=\"vc_do_toggle vc_toggle vc_toggle_default vc_toggle_color_default  vc_toggle_size_md\"><div class=\"vc_toggle_title\"><h4>Gezi detaylar\u0131m\u0131 ba\u015fkalar\u0131yla nas\u0131l payla\u015fabilirim?<\/h4><i class=\"vc_toggle_icon\"><\/i><\/div><div class=\"vc_toggle_content\"><p>Lorem ipsum dolor sit amet, consectetur adipiscing elit. Morbi est quam, volutpat et arcu eu, pharetra congue augue. Tamsay\u0131 vel nibh eu eros interdum commodo. Vivamus finibus fringilla libero, id consectetur purus sollicitudin vel. Proin dapibus ante et pharetra luctus. G\u00fczel bir yazar olmadan \u00f6nce ut lacinia. Proin laoreet, sed ornare tacize neden oldu. Fusce ara\u00e7 ut nulla facilisis vulputate. Quisque vel purus ac lectus tempus viverra. Maecenas at sem at Erat Pellentesque Hendrerit Nec Massa&#039;da. Vestibulum nec lacinia dui, eski bir congue. Vivamus ac ultricies mauris. Suspendisse commodo tempus suscipit. AB&#039;de i\u015fkence yap\u0131lmad\u0131.<\/p>\n<\/div><\/div><\/div><\/div><\/div><\/div>\n<\/div>","protected":false},"excerpt":{"rendered":"Lorem ipsum dolor sit amet, consectetur adipiscing elit. Morbi est quam, volutpat et arcu eu, pharetra congue augue. Integer vel nibh eu eros interdum commodo. Vivamus finibus fringilla libero, id consectetur purus sollicitudin vel. Proin dapibus ante et pharetra luctus. Ut lacinia ante ut nunc pellentesque auctor. Proin laoreet erat sed ornare molestie. Recommended for [...]","protected":false},"author":2,"featured_media":0,"parent":0,"menu_order":0,"comment_status":"closed","ping_status":"closed","template":"","meta":{"footnotes":""},"class_list":["post-1328","page","type-page","status-publish","hentry"],"_links":{"self":[{"href":"https:\/\/simayyachtcharters.com\/tr\/wp-json\/wp\/v2\/pages\/1328","targetHints":{"allow":["GET"]}}],"collection":[{"href":"https:\/\/simayyachtcharters.com\/tr\/wp-json\/wp\/v2\/pages"}],"about":[{"href":"https:\/\/simayyachtcharters.com\/tr\/wp-json\/wp\/v2\/types\/page"}],"author":[{"embeddable":true,"href":"https:\/\/simayyachtcharters.com\/tr\/wp-json\/wp\/v2\/users\/2"}],"replies":[{"embeddable":true,"href":"https:\/\/simayyachtcharters.com\/tr\/wp-json\/wp\/v2\/comments?post=1328"}],"version-history":[{"count":2,"href":"https:\/\/simayyachtcharters.com\/tr\/wp-json\/wp\/v2\/pages\/1328\/revisions"}],"predecessor-version":[{"id":12333,"href":"https:\/\/simayyachtcharters.com\/tr\/wp-json\/wp\/v2\/pages\/1328\/revisions\/12333"}],"wp:attachment":[{"href":"https:\/\/simayyachtcharters.com\/tr\/wp-json\/wp\/v2\/media?parent=1328"}],"curies":[{"name":"wp","href":"https:\/\/api.w.org\/{rel}","templated":true}]}}