{"id":1292,"date":"2018-10-25T15:26:09","date_gmt":"2018-10-25T15:26:09","guid":{"rendered":"http:\/\/demo06.gethomey.io\/?page_id=1292"},"modified":"2026-04-04T08:23:27","modified_gmt":"2026-04-04T08:23:27","slug":"simay-yat-ki%cc%87ralama-hakkinda","status":"publish","type":"page","link":"https:\/\/simayyachtcharters.com\/tr\/simay-yat-ki%cc%87ralama-hakkinda\/","title":{"rendered":"Simay Yacht Charter Hakk\u0131nda"},"content":{"rendered":"<h2>Simay Yacht Charter Hakk\u0131nda<\/h2>\n<p>Making the blue cruise experience of holiday enthusiasts unforgettable, Simay Yacht is a boat manufacturing and brokerage company that stands out with its reliable and quality service approach. Operating in Fethiye, Simay Yacht offers service to its guests in beautiful places such as Bodrum, Fethiye, Bozburun, Marmaris, G\u00f6cek and the Greek Islands. With its experienced staff and uninterrupted service approach 12 months a year, Simay Yacht makes the most suitable boat selection in accordance with the criteria determined by its guests.<\/p>\n<p>About Simay Yacht Charters is a pioneer company in the production of traditional gulet and modern trawler type boats. With its long years of experience and expert team, it turns the most suitable boat designs into reality for customer demands. Working meticulously at every stage using quality materials and modern production techniques, Simay Yacht manufactures its boats in a way that offers excellent performance and comfort.<\/p>\n<p>About Simay Yacht Charters operates not only in boat manufacturing but also in brokerage services. Simay Yacht , which has a wide range of boats to meet the holiday expectations of its guests, offers the most suitable boat options specifically for the requests and needs of its customers. Offering different options to its guests with its Gulet, Trawler, Motor Yacht, Sailing Boat &amp; Catamaran boats, Simay Yacht offers blue cruise experiences suitable for every budget and taste.<\/p>\n<p>About Simay Yacht Charters also prioritizes reliability. Always keeping customer satisfaction at the forefront, the company offers a safe travel experience by regularly maintaining and updating its boats. In addition, with its experienced captains and professional crew, Simay Yacht provides its guests with a safe and enjoyable travel opportunity.<\/p>\n<p>Simay Yacht is not limited to boat manufacturing and brokerage services, but also offers additional services that make the blue cruise experience even more unforgettable. Offering its guests special routes, delicious meals, water sports activities and other customized services according to their demands, Simay Yacht aims to make your <a href=\"https:\/\/simaytekneleri.com\/\" target=\"_blank\" rel=\"noopener\">tatil<\/a> unforgettable.<\/p>\n<p>Sayg\u0131lar\u0131mla<\/p>\n<p><a href=\"https:\/\/simayyachtcharters.com\/\">Simay Yat\u00e7\u0131l\u0131k Ekibi<\/a><\/p>\n<p>&nbsp;<\/p>\n<figure id=\"attachment_9251\" aria-describedby=\"caption-attachment-9251\" style=\"width: 300px\" class=\"wp-caption aligncenter\"><img fetchpriority=\"high\" decoding=\"async\" class=\"size-medium wp-image-9251\" src=\"https:\/\/simayyachtcharters.com\/wp-content\/uploads\/2025\/03\/trawler-simay-f-300x169.jpg\" alt=\"Simay Yacht Charters Hakk\u0131nda\" width=\"300\" height=\"169\" title=\"\" srcset=\"https:\/\/simayyachtcharters.com\/wp-content\/uploads\/2025\/03\/trawler-simay-f-300x169.jpg 300w, https:\/\/simayyachtcharters.com\/wp-content\/uploads\/2025\/03\/trawler-simay-f-1024x575.jpg 1024w, https:\/\/simayyachtcharters.com\/wp-content\/uploads\/2025\/03\/trawler-simay-f-768x431.jpg 768w, https:\/\/simayyachtcharters.com\/wp-content\/uploads\/2025\/03\/trawler-simay-f-890x500.jpg 890w, https:\/\/simayyachtcharters.com\/wp-content\/uploads\/2025\/03\/trawler-simay-f.jpg 1280w\" sizes=\"(max-width: 300px) 100vw, 300px\" \/><figcaption id=\"caption-attachment-9251\" class=\"wp-caption-text\">Simay Yacht Charters Hakk\u0131nda<\/figcaption><\/figure>","protected":false},"excerpt":{"rendered":"<p>About Simay Yacht Charter Making the blue cruise experience of holiday enthusiasts unforgettable, Simay Yacht is a boat manufacturing and brokerage company that stands out with its reliable and quality service approach. Operating in Fethiye, Simay Yacht offers service to its guests in beautiful places such as Bodrum, Fethiye, Bozburun, Marmaris, G\u00f6cek and the Greek [&hellip;]<\/p>","protected":false},"author":2,"featured_media":11005,"parent":0,"menu_order":0,"comment_status":"closed","ping_status":"closed","template":"","meta":{"footnotes":""},"class_list":["post-1292","page","type-page","status-publish","has-post-thumbnail","hentry"],"_links":{"self":[{"href":"https:\/\/simayyachtcharters.com\/tr\/wp-json\/wp\/v2\/pages\/1292","targetHints":{"allow":["GET"]}}],"collection":[{"href":"https:\/\/simayyachtcharters.com\/tr\/wp-json\/wp\/v2\/pages"}],"about":[{"href":"https:\/\/simayyachtcharters.com\/tr\/wp-json\/wp\/v2\/types\/page"}],"author":[{"embeddable":true,"href":"https:\/\/simayyachtcharters.com\/tr\/wp-json\/wp\/v2\/users\/2"}],"replies":[{"embeddable":true,"href":"https:\/\/simayyachtcharters.com\/tr\/wp-json\/wp\/v2\/comments?post=1292"}],"version-history":[{"count":13,"href":"https:\/\/simayyachtcharters.com\/tr\/wp-json\/wp\/v2\/pages\/1292\/revisions"}],"predecessor-version":[{"id":7231,"href":"https:\/\/simayyachtcharters.com\/tr\/wp-json\/wp\/v2\/pages\/1292\/revisions\/7231"}],"wp:featuredmedia":[{"embeddable":true,"href":"https:\/\/simayyachtcharters.com\/tr\/wp-json\/wp\/v2\/media\/11005"}],"wp:attachment":[{"href":"https:\/\/simayyachtcharters.com\/tr\/wp-json\/wp\/v2\/media?parent=1292"}],"curies":[{"name":"wp","href":"https:\/\/api.w.org\/{rel}","templated":true}]}}