{"id":1062,"date":"2021-03-03T17:03:30","date_gmt":"2021-03-03T17:03:30","guid":{"rendered":"http:\/\/simayyachtcharters.com\/?page_id=1062"},"modified":"2025-03-14T13:41:02","modified_gmt":"2025-03-14T13:41:02","slug":"gizlilik-politikasi-2","status":"publish","type":"page","link":"https:\/\/simayyachtcharters.com\/tr\/gizlilik-politikasi-2\/","title":{"rendered":"Gizlilik Politikas\u0131"},"content":{"rendered":"<h2>Gizlilik Politikas\u0131<\/h2>\n<p>Bu gizlilik politikas\u0131 \u2026\u2026\u2026\u2026\u2026\u2026\u2026\u2026\u2026\u2026\u2026\u2026.. sitesi (\u201cWeb Sitesi\u201d) i\u00e7in haz\u0131rlanm\u0131\u015ft\u0131r ve yaln\u0131zca \u2026\u2026\u2026\u2026\u2026. Web Sitesi i\u00e7indeki kullan\u0131c\u0131lara koruma sa\u011flar. L\u00fctfen \u2026\u2026\u2026\u2026\u2026. Web Sitesi s\u0131n\u0131rlar\u0131 d\u0131\u015f\u0131nda a\u00e7t\u0131\u011f\u0131n\u0131z ba\u011flant\u0131larda veya \u2026\u2026\u2026\u2026\u2026\u2026\u2026 Web Sitesi ile ba\u011flant\u0131l\u0131 olarak a\u00e7\u0131lan sitenin gizlilik politikalar\u0131n\u0131 okuyun. \u2026\u2026\u2026\u2026\u2026\u2026\u2026\u2026\u2026\u2026\u2026\u2026\u2026\u2026 Inc. \u2026\u2026\u2026\u2026\u2026\u2026\u2026\u2026 Web Sitesi ve bu site ile ba\u011flant\u0131l\u0131 olarak a\u00e7\u0131lan ba\u011flant\u0131lar d\u0131\u015f\u0131ndaki siteler i\u00e7in hi\u00e7bir sorumluluk kabul etmez.<\/p>\n<p>A\u015fa\u011f\u0131da belirtilen Gizlilik Politikas\u0131, \u2026\u2026\u2026\u2026\u2026\u2026\u2026\u2026\u2026\u2026..Web Sitesine sa\u011flad\u0131\u011f\u0131n\u0131z bilgilerin \u2026\u2026\u2026\u2026\u2026\u2026\u2026\u2026\u2026..Web Sitesi taraf\u0131ndan kullan\u0131m\u0131 ve gizlili\u011fine ili\u015fkin politikalar\u0131 i\u00e7erir. L\u00dcTFEN bu Gizlilik Politikas\u0131n\u0131 OKUYUN. Gizlilik Politikas\u0131n\u0131n sizin i\u00e7in yeterli veya uygun olmad\u0131\u011f\u0131na inan\u0131yorsan\u0131z, bu siteyi kullanmay\u0131n. Aksi takdirde, siteyi kullanman\u0131z bu Gizlilik Politikas\u0131n\u0131 kabul etti\u011finiz anlam\u0131na gelecektir.<\/p>\n<p>Ki\u015fisel Olmayan Bilgiler:<\/p>\n<p>\u2026\u2026\u2026\u2026\u2026\u2026\u2026\u2026. Web Sitesi Kullan\u0131c\u0131s\u0131, sat\u0131\u015f durumu veya site kullan\u0131m trafi\u011fi gibi ki\u015fisel bilgi i\u00e7ermeyen bilgilerin istatistiksel veri elde etmek ve bu verilere dayal\u0131 olarak site hizmetini iyile\u015ftirmek amac\u0131yla \u00fc\u00e7\u00fcnc\u00fc ki\u015filere verilebilece\u011fini, bu bilgilerin bu ki\u015filerce kontrol edilebilece\u011fini ve gerekti\u011finde bu bilgilerin \u2026\u2026\u2026\u2026\u2026\u2026\u2026\u2026\u2026. Web Sitesi&#039;nde ve di\u011fer yay\u0131nlama ara\u00e7lar\u0131 vas\u0131tas\u0131yla duyurulabilece\u011fini kabul eder.<\/p>\n<p>Ki\u015fisel Bilgiler:<\/p>\n<p>\u2026\u2026\u2026\u2026\u2026\u2026\u2026\u2026\u2026\u2026\u2026\u2026\u2026\u2026. A.\u015e. internette ki\u015fisel gizlili\u011finize sayg\u0131 duyar. \u2026\u2026\u2026\u2026\u2026\u2026\u2026\u2026\u2026\u2026\u2026\u2026\u2026\u2026.. A.\u015e. sizin hakk\u0131n\u0131zda elde etti\u011fi bilgileri, gerekli \u00f6l\u00e7\u00fcde ve yerde, \u00e7ok dikkatli ve gizli bir \u015fekilde kullanacakt\u0131r. \u2026\u2026\u2026\u2026\u2026\u2026\u2026\u2026\u2026\u2026\u2026\u2026. A.\u015e. sizin taraf\u0131n\u0131zdan sa\u011flanan bilgileri \u2026\u2026\u2026\u2026\u2026\u2026\u2026\u2026\u2026\u2026\u2026\u2026 Web Sitesinin kullan\u0131m\u0131n\u0131 \u00f6l\u00e7mek, isteklerinize ve sorular\u0131n\u0131za yan\u0131t vermek, \u2026\u2026\u2026\u2026\u2026\u2026\u2026\u2026\u2026\u2026.. Web Sitesinin i\u00e7eri\u011fini bu do\u011frultuda iyile\u015ftirmek ve \u00e7e\u015fitli forumlar\u0131 ve etkile\u015fimli m\u00fc\u015fteri hizmetlerini y\u00f6netmek i\u00e7in kullan\u0131r. Bu bilgiler, isteklerinizi kar\u015f\u0131lamak veya sizi posta, e-posta veya telefon yoluyla yeni \u00fcr\u00fcnler, hizmetler veya promosyonlar hakk\u0131nda bilgilendirmek i\u00e7in kullan\u0131labilir. \u2026\u2026\u2026\u2026\u2026\u2026\u2026\u2026\u2026\u2026\u2026\u2026\u2026\u2026\u2026.. Bu \u2026\u2026\u2026\u2026\u2026\u2026\u2026\u2026\u2026\u2026\u2026\u2026.. Web Sitesine bir \u00fcr\u00fcn sipari\u015fi vermeniz, bir hizmet talep etmeniz veya i\u00e7erik g\u00f6ndermeniz durumunda, A.\u015e. ek bilgi i\u00e7in sizinle ileti\u015fime ge\u00e7mek isteyebilir. Bilgileriniz bu beyannamede belirtilen veya a\u00e7\u0131klanan durumlar haricinde sat\u0131lmayacak, kiralanmayacak veya ba\u015fkalar\u0131yla payla\u015f\u0131lmayacakt\u0131r. \u00d6te yandan, nadir durumlarda, bizimle ayn\u0131 gizlilik politikalar\u0131na sahip di\u011fer \u2026\u2026\u2026\u2026\u2026\u2026\u2026\u2026\u2026\u2026\u2026\u2026\u2026\u2026\u2026\u2026 A.\u015e. \u015firketlerinin \u2026\u2026 ... Sabit diskinizde saklan\u0131r ve geri d\u00f6nd\u00fc\u011f\u00fcn\u00fczde bunu tespit edebiliriz. \u00c7erez kullan\u0131m\u0131n\u0131n standart bir uygulama oldu\u011funu ve bir\u00e7ok web sitesinin bunlar\u0131 kulland\u0131\u011f\u0131n\u0131 belirtmek isteriz. Son olarak, \u00c7erezlerin bilgisayar\u0131n\u0131zda sakland\u0131\u011f\u0131n\u0131, \u2026\u2026\u2026\u2026\u2026\u2026\u2026\u2026\u2026\u2026\u2026\u2026\u2026 Web Sitesinde saklanmad\u0131\u011f\u0131n\u0131 hat\u0131rlatmak isteriz. \u00c7erez almak istiyorsan\u0131z ve bunlar\u0131n ne zaman al\u0131nd\u0131\u011f\u0131n\u0131 bilmek istiyorsan\u0131z, taray\u0131c\u0131n\u0131z\u0131 bu \u00f6zelli\u011fe sahip olmas\u0131 ko\u015fuluyla bir \u00e7erez ald\u0131\u011f\u0131n\u0131zda sizi bilgilendirecek \u015fekilde yap\u0131land\u0131rabilirsiniz.<\/p>\n<p>Bilgilerin Do\u011frulu\u011fu ve 18 Ya\u015f Alt\u0131ndaki K\u00fc\u00e7\u00fckler<\/p>\n<p>\u2026\u2026\u2026\u2026\u2026\u2026\u2026\u2026\u2026\u2026\u2026\u2026\u2026 A.\u015e, site kullan\u0131c\u0131lar\u0131 taraf\u0131ndan \u2026\u2026\u2026\u2026\u2026\u2026\u2026\u2026\u2026\u2026\u2026\u2026\u2026\u2026 Web Sitesi&#039;ne sa\u011flanan bilgilerin do\u011frulu\u011fundan sorumlu de\u011fildir. Bu ba\u011flamda, 18 ya\u015f\u0131ndan k\u00fc\u00e7\u00fck bireyler, y\u00fcr\u00fcrl\u00fckteki mevzuat taraf\u0131ndan izin verilmedi\u011fi ve b\u00f6yle bir izin olmad\u0131\u011f\u0131 s\u00fcrece, bir veli veya yasal vasinin izni olmaks\u0131z\u0131n bu \u2026\u2026\u2026\u2026\u2026\u2026\u2026\u2026\u2026\u2026\u2026\u2026\u2026 Web Sitesi&#039;nde al\u0131\u015fveri\u015f yapamaz veya ba\u015fka i\u015flemler ger\u00e7ekle\u015ftiremez. Bu ba\u011flamda yanl\u0131\u015f ki\u015fisel bilgi vererek yukar\u0131da belirtilen ko\u015fullara uymayan bir ki\u015finin \u2026\u2026\u2026\u2026\u2026\u2026\u2026\u2026\u2026.. Web Sitesi&#039;nden bir al\u0131\u015fveri\u015f yapmas\u0131 durumunda, s\u00f6z konusu i\u015flemden sitemiz sorumlu tutulamaz.<\/p>\n<p>G\u00fcvenlik<\/p>\n<p>\u2026\u2026\u2026\u2026\u2026\u2026\u2026\u2026\u2026\u2026\u2026\u2026\u2026\u2026 A.\u015e \u2026\u2026\u2026\u2026\u2026\u2026\u2026\u2026\u2026\u2026 Web Sitesi\u2019nde teknolojinin sa\u011flad\u0131\u011f\u0131 en kapsaml\u0131 g\u00fcvenlik \u00f6nlemlerini alm\u0131\u015f olup \u2026\u2026\u2026\u2026\u2026\u2026\u2026\u2026\u2026 Web Sitesi G\u00fcvenli\u011fi\u2019ni bu geli\u015fmelere g\u00f6re yenilemektedir. Ancak kullan\u0131c\u0131lar\u0131m\u0131za hat\u0131rlatmak isteriz ki, g\u00fcn\u00fcm\u00fcz teknolojisindeki en geli\u015fmi\u015f g\u00fcvenlik \u00f6nlemleri bile riski tamamen ortadan kald\u0131rmamaktad\u0131r. Bu ba\u011flamda, \u2026\u2026\u2026\u2026\u2026\u2026\u2026\u2026\u2026\u2026\u2026. Web Sitesi gibi geli\u015fmi\u015f g\u00fcvenlik duvarlar\u0131na sahip sitelerin bile \u201chacker\u201d korumas\u0131na sahip olmad\u0131\u011f\u0131n\u0131, ancak bu t\u00fcr ki\u015filerin bilgilerinize yetkisiz eri\u015fimini engellemek i\u00e7in t\u00fcm teknolojik geli\u015fmeleri kulland\u0131\u011f\u0131m\u0131z\u0131 tekrar vurgulamak isteriz.<\/p>\n<p>Anketler ve Yar\u0131\u015fmalar<\/p>\n<p>Zaman zaman, \u2026\u2026\u2026\u2026\u2026\u2026\u2026\u2026\u2026. Web Sitesi anketler veya yar\u0131\u015fmalar arac\u0131l\u0131\u011f\u0131yla kullan\u0131c\u0131lardan bilgi talep edebilir. Bu anketlere veya yar\u0131\u015fmalara kat\u0131l\u0131m tamamen g\u00f6n\u00fcll\u00fcl\u00fck ilkesine dayanmaktad\u0131r ve bu nedenle kullan\u0131c\u0131 bu bilgileri if\u015fa etme veya if\u015fa etmeme konusunda tamamen \u00f6zg\u00fcrd\u00fcr. Talep edilen bilgiler ileti\u015fim bilgilerini (isim ve adres gibi) ve demografik bilgileri (cinsiyet, ya\u015f gibi) i\u00e7erebilir. \u0130leti\u015fim bilgileri kazananlar\u0131 bilgilendirmek ve \u00f6d\u00fclleri g\u00f6ndermek i\u00e7in kullan\u0131lacakt\u0131r. Anket bilgileri sitenin i\u015flevselli\u011fini ve kullan\u0131c\u0131 memnuniyetini izlemek ve iyile\u015ftirmek i\u00e7in kullan\u0131lacakt\u0131r. Toplanan demografik bilgiler pazarlama ama\u00e7lar\u0131 i\u00e7in kullan\u0131lmaz.<\/p>\n<p>Di\u011fer Hizmet Sa\u011flay\u0131c\u0131lar\u0131<\/p>\n<p>\u2026\u2026\u2026\u2026\u2026\u2026\u2026\u2026\u2026. A.\u015e., size belirli hizmetleri daha verimli bir \u015fekilde sunmak amac\u0131yla \u00fc\u00e7\u00fcnc\u00fc ki\u015filerle i\u015fbirli\u011fi yapabilir. Kullan\u0131c\u0131 bu hizmetlere kay\u0131t yapt\u0131rd\u0131\u011f\u0131nda, kullan\u0131c\u0131 ad\u0131 ve di\u011fer ki\u015fisel bilgilerinin, s\u00f6z konusu hizmetleri sunabilmeleri i\u00e7in bu hizmeti sunacak olan \u00fc\u00e7\u00fcnc\u00fc ki\u015filere sa\u011flanaca\u011f\u0131n\u0131 \u00f6nceden kabul eder. Gizlilik Politikas\u0131n\u0131n bu b\u00f6l\u00fcm\u00fcn\u00fc kabul etmeyen kullan\u0131c\u0131lar, s\u00f6z konusu hizmetler i\u00e7in ba\u015fvuruda bulunamazlar. Ancak, sa\u011flanan bilgilerin yukar\u0131da belirtilen sa\u011flay\u0131c\u0131lar taraf\u0131ndan sa\u011flanan hizmetler d\u0131\u015f\u0131nda hi\u00e7bir ama\u00e7la kullan\u0131lmayaca\u011f\u0131n\u0131 ve bu konuda yetkilendirilmediklerini bilmelidirler.<\/p>\n<p>De\u011fi\u015fiklikler<\/p>\n<p>\u2026\u2026\u2026\u2026\u2026\u2026\u2026\u2026\u2026\u2026\u2026\u2026\u2026\u2026.. A.\u015e. bu Gizlilik Politikas\u0131n\u0131 de\u011fi\u015ftirebilir veya iyile\u015ftirebilir veya bu siteye veya bu sayfalar\u0131n i\u00e7eri\u011fine eri\u015fimi herhangi bir uyar\u0131da bulunmaks\u0131z\u0131n engelleyebilir. Yap\u0131lan de\u011fi\u015fikliklerden haberdar olmak i\u00e7in bu G\u00fcvenlik Politikas\u0131n\u0131 d\u00fczenli olarak incelemeniz \u00f6nerilir.<\/p>\n<p>Dahili Ba\u011flant\u0131lar<\/p>\n<p>\u2026\u2026\u2026\u2026\u2026\u2026\u2026\u2026\u2026\u2026\u2026\u2026\u2026\u2026.. A.\u015e. yaln\u0131zca kendisi gibi y\u00fcksek standartlara ve gizlilik politikalar\u0131na sahip sitelere ba\u011flant\u0131lar sa\u011flamaya \u00e7al\u0131\u015f\u0131r, ancak bir\u00e7ok ba\u015fka siteye ba\u011flant\u0131lar i\u00e7erir. Bu ba\u011flamda, di\u011fer sitelerin gizlilik uygulamalar\u0131 veya i\u00e7erikleri kullan\u0131c\u0131 taraf\u0131ndan derhal kontrol edilmelidir. \u2026\u2026\u2026\u2026\u2026\u2026\u2026\u2026\u2026. Inc. di\u011fer sitelerin gizlilik uygulamalar\u0131ndan sorumlu de\u011fildir.<\/p>\n<p>D\u0131\u015f Ba\u011flant\u0131lar<\/p>\n<p>\u2026\u2026\u2026\u2026\u2026\u2026\u2026\u2026\u2026\u2026\u2026\u2026\u2026\u2026..Inc. olarak, ziyaret\u00e7ilerimizin hizmetlerimiz ve politikalar\u0131m\u0131z hakk\u0131ndaki g\u00f6r\u00fc\u015flerini \u00f6\u011frenmek bizim i\u00e7in \u00f6nemlidir. E\u011fer \u2026\u2026\u2026\u2026\u2026\u2026\u2026..<a href=\"https:\/\/simayyachtcharters.com\/\">Web sitesi <\/a>Ziyaret\u00e7iler bu Gizlilik Politikas\u0131 hakk\u0131nda sorular\u0131, endi\u015feleri veya \u015fikayetleri varsa, <a href=\"https:\/\/www.simaytekneleri.com\/en\/\" target=\"_blank\" rel=\"noopener\">&quot;Temas etmek&quot;<\/a> Sitedeki formu doldurun veya \u2026\u2026\u2026\u2026\u2026\u2026\u2026\u2026\u2026\u2026\u2026 numaral\u0131 telefondan Inc. \u00c7a\u011fr\u0131 Merkezini aray\u0131n.<\/p>","protected":false},"excerpt":{"rendered":"<p>Privacy Policy This privacy policy has been prepared for the \u2026\u2026\u2026\u2026\u2026\u2026\u2026\u2026\u2026\u2026\u2026.. site (\u201cWebsite\u201d) and provides protection to users only within the \u2026\u2026\u2026\u2026\u2026. Website. Please read the privacy policies of the site opened in the links you open outside the boundaries of the \u2026\u2026\u2026\u2026\u2026. Website or in connection with the \u2026\u2026\u2026\u2026\u2026\u2026\u2026 Website. \u2026\u2026\u2026\u2026\u2026\u2026\u2026\u2026\u2026\u2026\u2026\u2026\u2026\u2026 Inc. assumes no [&hellip;]<\/p>","protected":false},"author":2,"featured_media":0,"parent":0,"menu_order":0,"comment_status":"closed","ping_status":"closed","template":"","meta":{"footnotes":""},"class_list":["post-1062","page","type-page","status-publish","hentry"],"_links":{"self":[{"href":"https:\/\/simayyachtcharters.com\/tr\/wp-json\/wp\/v2\/pages\/1062","targetHints":{"allow":["GET"]}}],"collection":[{"href":"https:\/\/simayyachtcharters.com\/tr\/wp-json\/wp\/v2\/pages"}],"about":[{"href":"https:\/\/simayyachtcharters.com\/tr\/wp-json\/wp\/v2\/types\/page"}],"author":[{"embeddable":true,"href":"https:\/\/simayyachtcharters.com\/tr\/wp-json\/wp\/v2\/users\/2"}],"replies":[{"embeddable":true,"href":"https:\/\/simayyachtcharters.com\/tr\/wp-json\/wp\/v2\/comments?post=1062"}],"version-history":[{"count":2,"href":"https:\/\/simayyachtcharters.com\/tr\/wp-json\/wp\/v2\/pages\/1062\/revisions"}],"predecessor-version":[{"id":8719,"href":"https:\/\/simayyachtcharters.com\/tr\/wp-json\/wp\/v2\/pages\/1062\/revisions\/8719"}],"wp:attachment":[{"href":"https:\/\/simayyachtcharters.com\/tr\/wp-json\/wp\/v2\/media?parent=1062"}],"curies":[{"name":"wp","href":"https:\/\/api.w.org\/{rel}","templated":true}]}}