{"id":1062,"date":"2021-03-03T17:03:30","date_gmt":"2021-03-03T17:03:30","guid":{"rendered":"http:\/\/simayyachtcharters.com\/?page_id=1062"},"modified":"2025-03-14T13:41:02","modified_gmt":"2025-03-14T13:41:02","slug":"informativa-sulla-privacy-2","status":"publish","type":"page","link":"https:\/\/simayyachtcharters.com\/it\/informativa-sulla-privacy-2\/","title":{"rendered":"politica sulla riservatezza"},"content":{"rendered":"<h2>politica sulla riservatezza<\/h2>\n<p>La presente informativa sulla privacy \u00e8 stata redatta per il sito \u2026\u2026\u2026\u2026\u2026\u2026\u2026\u2026\u2026\u2026\u2026.. (&quot;Sito Web&quot;) e fornisce protezione agli utenti esclusivamente all&#039;interno del Sito Web \u2026\u2026\u2026\u2026\u2026. Si prega di leggere le informative sulla privacy del sito aperto tramite i link aperti al di fuori dei confini del Sito Web \u2026\u2026\u2026\u2026\u2026. o in relazione al Sito Web \u2026\u2026\u2026\u2026\u2026\u2026\u2026. \u2026\u2026\u2026\u2026\u2026\u2026\u2026\u2026\u2026\u2026\u2026\u2026\u2026\u2026 Inc. non si assume alcuna responsabilit\u00e0 per siti diversi dal Sito Web \u2026\u2026\u2026\u2026\u2026\u2026\u2026\u2026 e per i link aperti in relazione a questo sito.<\/p>\n<p>L&#039;Informativa sulla Privacy di seguito specificata include le politiche relative all&#039;uso e alla riservatezza delle informazioni fornite al Sito Web \u2026\u2026\u2026\u2026\u2026\u2026\u2026\u2026\u2026.. dal Sito Web \u2026\u2026\u2026\u2026\u2026\u2026\u2026\u2026\u2026. LEGGERE attentamente la presente Informativa sulla Privacy. Se si ritiene che l&#039;Informativa sulla Privacy non sia sufficiente o appropriata, non utilizzare questo sito. In caso contrario, l&#039;utilizzo del sito implica l&#039;accettazione della presente Informativa sulla Privacy.<\/p>\n<p>Informazioni non personali:<\/p>\n<p>L&#039;Utente del Sito Web \u2026\u2026\u2026\u2026\u2026\u2026\u2026\u2026. accetta che le informazioni che non contengono dati personali, come lo stato delle vendite o il traffico di utilizzo del sito, possano essere fornite a terze parti allo scopo di ottenere dati statistici e migliorare il servizio del sito sulla base di tali dati, e che tali dati possano essere verificati da tali parti e che tali dati possano essere resi pubblici sul Sito Web \u2026\u2026\u2026\u2026\u2026\u2026\u2026\u2026\u2026. e tramite altri strumenti di pubblicazione quando necessario.<\/p>\n<p>Informazioni personali:<\/p>\n<p>\u2026\u2026\u2026\u2026\u2026\u2026\u2026\u2026\u2026\u2026\u2026\u2026\u2026. A.\u015e. rispetta la tua privacy personale su Internet. \u2026\u2026\u2026\u2026\u2026\u2026\u2026\u2026\u2026\u2026\u2026\u2026\u2026.. A.\u015e. utilizzer\u00e0 le informazioni che ottiene su di te con la massima attenzione e riservatezza, nella misura e nel luogo necessari. \u2026\u2026\u2026\u2026\u2026\u2026\u2026\u2026\u2026\u2026\u2026\u2026. A.\u015e. utilizza le informazioni da te fornite per valutare l&#039;utilizzo del Sito Web \u2026\u2026\u2026\u2026\u2026\u2026\u2026\u2026\u2026\u2026, per rispondere alle tue richieste e domande, per migliorare il contenuto del Sito Web \u2026\u2026\u2026\u2026\u2026\u2026\u2026\u2026\u2026.. in questa direzione e per gestire vari forum e servizi clienti interattivi. Queste informazioni possono essere utilizzate per soddisfare le tue richieste o per informarti su nuovi prodotti, servizi o promozioni tramite posta, e-mail o telefono. \u2026\u2026\u2026\u2026\u2026\u2026\u2026\u2026\u2026\u2026\u2026\u2026\u2026\u2026\u2026. A.\u015e. potrebbe volerti contattare per ulteriori informazioni se effettui un ordine per un prodotto, richiedi un servizio o invii contenuti a questo Sito Web \u2026\u2026\u2026\u2026\u2026\u2026\u2026\u2026\u2026.. Le tue informazioni non saranno vendute, noleggiate o condivise con terzi, salvo quanto indicato o spiegato nella presente informativa. D&#039;altra parte, in rari casi, altre societ\u00e0 \u2026\u2026\u2026\u2026\u2026\u2026\u2026\u2026\u2026\u2026\u2026\u2026\u2026\u2026\u2026\u2026\u2026 A.\u015e. che hanno le nostre stesse politiche sulla privacy potrebbero essere autorizzate ad accedere agli indirizzi e-mail degli utenti registrati sul Sito Web \u2026\u2026\u2026\u2026\u2026\u2026\u2026\u2026\u2026.. Le informazioni personali che raccogliamo saranno utilizzate per soddisfare le tue richieste, elaborare un ordine o fornirti l&#039;accesso alle informazioni del tuo account privato. In questo contesto, \u00e8 di fondamentale importanza che tu non fornisca a nessun altro le password che ti sono state assegnate dal Sito Web \u2026\u2026\u2026\u2026\u2026\u2026\u2026\u2026\u2026\u2026\u2026\u2026\u2026.. In caso contrario, il Sito Web \u2026\u2026\u2026\u2026\u2026\u2026\u2026\u2026\u2026\u2026\u2026\u2026\u2026.. non sar\u00e0 responsabile delle tue informazioni personali divulgate a causa della password che hai fornito a un altro utente. A volte, i &quot;cookie&quot; possono essere utilizzati per fornirti determinate informazioni. Un cookie \u00e8 un piccolo elemento che un sito web invia al tuo browser. Viene memorizzato sul tuo disco rigido e possiamo rilevarlo al tuo ritorno. Vorremmo sottolineare che l&#039;uso dei cookie \u00e8 una pratica standard e che molti siti web li utilizzano. Infine, ti ricordiamo che i cookie vengono memorizzati sul tuo computer, non sul sito web \u2026\u2026\u2026\u2026\u2026\u2026\u2026\u2026\u2026\u2026\u2026\u2026\u2026. Se desideri ricevere cookie e vuoi sapere quando vengono ricevuti, puoi configurare il tuo browser in modo da essere avvisato quando ricevi un cookie, a condizione che disponga di questa funzionalit\u00e0.<\/p>\n<p>Accuratezza delle informazioni e minori di 18 anni<\/p>\n<p>\u2026\u2026\u2026\u2026\u2026\u2026\u2026\u2026\u2026\u2026\u2026\u2026 A.\u015e non \u00e8 responsabile dell&#039;accuratezza delle informazioni fornite dagli utenti del sito al sito web \u2026\u2026\u2026\u2026\u2026\u2026\u2026\u2026\u2026\u2026\u2026\u2026\u2026. A tale proposito, i minori di 18 anni non possono effettuare acquisti o altre transazioni su questo sito web \u2026\u2026\u2026\u2026\u2026\u2026\u2026\u2026\u2026\u2026\u2026\u2026\u2026 senza l&#039;autorizzazione di un genitore o tutore legale, salvo quanto consentito dalla legislazione applicabile e senza tale autorizzazione. Nel caso in cui una persona che non rispetti le condizioni di cui sopra, fornendo informazioni personali errate a tale riguardo, effettui un acquisto dal sito web \u2026\u2026\u2026\u2026\u2026\u2026\u2026\u2026.., il nostro sito non pu\u00f2 essere ritenuto responsabile per l&#039;azione in questione.<\/p>\n<p>Sicurezza<\/p>\n<p>\u2026\u2026\u2026\u2026\u2026\u2026\u2026\u2026\u2026\u2026\u2026\u2026\u2026 A.\u015e \u2026\u2026\u2026\u2026\u2026\u2026\u2026\u2026\u2026\u2026 ha adottato le pi\u00f9 complete misure di sicurezza offerte dalla tecnologia sul Sito Web e \u2026\u2026\u2026\u2026\u2026\u2026\u2026\u2026\u2026 sta rinnovando la Sicurezza del Sito Web in base a questi sviluppi. Tuttavia, desideriamo ricordare a voi, nostri utenti, che anche le misure di sicurezza pi\u00f9 avanzate della tecnologia odierna non eliminano completamente il rischio. In questo contesto, vorremmo sottolineare ancora una volta che anche i siti dotati di firewall avanzati come il Sito Web \u2026\u2026\u2026\u2026\u2026\u2026\u2026\u2026\u2026\u2026. non sono protetti dagli &quot;hacker&quot;, ma utilizziamo tutti gli sviluppi tecnologici per impedire l&#039;accesso non autorizzato alle vostre informazioni da parte di tali persone.<\/p>\n<p>Sondaggi e concorsi<\/p>\n<p>Di tanto in tanto, il sito web \u2026\u2026\u2026\u2026\u2026\u2026\u2026\u2026\u2026. potrebbe richiedere informazioni agli utenti tramite sondaggi o concorsi. La partecipazione a questi sondaggi o concorsi si basa su un principio completamente volontario e pertanto l&#039;utente \u00e8 completamente libero di divulgare o meno tali informazioni. Le informazioni richieste possono includere informazioni di contatto (come nome e indirizzo) e informazioni demografiche (come sesso, et\u00e0). Le informazioni di contatto saranno utilizzate per informare i vincitori e inviare i premi. Le informazioni del sondaggio saranno utilizzate per monitorare e migliorare la funzionalit\u00e0 del sito e la soddisfazione degli utenti. Le informazioni demografiche raccolte non vengono utilizzate per scopi di marketing.<\/p>\n<p>Altri fornitori di servizi<\/p>\n<p>\u2026\u2026\u2026\u2026\u2026\u2026\u2026\u2026. A.\u015e. pu\u00f2 collaborare con terze parti al fine di fornire determinati servizi in modo pi\u00f9 efficiente. Registrandosi a questi servizi, l&#039;utente accetta in anticipo che il nome utente e altre informazioni personali vengano fornite alle terze parti che forniranno tale servizio, affinch\u00e9 queste possano erogare i servizi in questione. Gli utenti che non accettano questa parte dell&#039;Informativa sulla privacy non possono richiedere i servizi in questione. Tuttavia, devono essere consapevoli che le informazioni fornite non saranno utilizzate per scopi diversi da quelli dei servizi forniti dai fornitori sopra menzionati e che questi ultimi non sono autorizzati a farlo.<\/p>\n<p>Cambiamenti<\/p>\n<p>\u2026\u2026\u2026\u2026\u2026\u2026\u2026\u2026\u2026\u2026\u2026\u2026\u2026.. A.\u015e. pu\u00f2 modificare o migliorare la presente Informativa sulla privacy o bloccare l&#039;accesso a questo sito o al contenuto di queste pagine senza alcun preavviso. Si consiglia di consultare regolarmente la presente Informativa sulla sicurezza per essere informati sulle modifiche apportate.<\/p>\n<p>Link interni<\/p>\n<p>\u2026\u2026\u2026\u2026\u2026\u2026\u2026\u2026\u2026\u2026\u2026\u2026\u2026.. A.\u015e. cerca solo di fornire link a siti che, come la propria, hanno standard elevati e politiche sulla privacy; tuttavia, contiene link a molti altri siti. In questo contesto, l&#039;utente \u00e8 tenuto a verificare immediatamente le pratiche sulla privacy o i contenuti di altri siti. \u2026\u2026\u2026\u2026\u2026\u2026\u2026\u2026\u2026. Inc. non \u00e8 responsabile delle pratiche sulla privacy di altri siti.<\/p>\n<p>Link esterni<\/p>\n<p>Come \u2026\u2026\u2026\u2026\u2026\u2026\u2026\u2026\u2026\u2026\u2026\u2026\u2026..Inc., \u00e8 importante per noi conoscere le opinioni dei nostri visitatori sui nostri servizi e sulle nostre politiche. Se \u2026\u2026\u2026\u2026\u2026\u2026\u2026..<a href=\"https:\/\/simayyachtcharters.com\/\">Sito web <\/a>i visitatori hanno domande, dubbi o reclami sulla presente Informativa sulla privacy, possono utilizzare il <a href=\"https:\/\/www.simaytekneleri.com\/en\/\" target=\"_blank\" rel=\"noopener\">&quot;Contatto&quot;<\/a> modulo sul sito o chiamare il Call Center Inc. al numero \u2026\u2026\u2026\u2026\u2026\u2026\u2026\u2026\u2026\u2026..<\/p>","protected":false},"excerpt":{"rendered":"<p>Politica di privacy Questa politica di privacy \u00e8 stata predisposta per il sito \u201cWebsite\u201d (\u201cSito\u201d) e fornisce protezione ai utenti solo all'interno del \u201cWebsite\u201d. Si prega di leggere le politiche sulla privacy dei siti aperti nei link che si aprono al di fuori del \u201cWebsite\u201d o in connessione con il \u201cWebsite\u201d. \u2026\u2026\u2026\u2026\u2026\u2026\u2026\u2026\u2026\u2026\u2026\u2026\u2026\u2026 Inc. non assume alcuna [&hellip;]<\/p>","protected":false},"author":2,"featured_media":0,"parent":0,"menu_order":0,"comment_status":"closed","ping_status":"closed","template":"","meta":{"footnotes":""},"class_list":["post-1062","page","type-page","status-publish","hentry"],"_links":{"self":[{"href":"https:\/\/simayyachtcharters.com\/it\/wp-json\/wp\/v2\/pages\/1062","targetHints":{"allow":["GET"]}}],"collection":[{"href":"https:\/\/simayyachtcharters.com\/it\/wp-json\/wp\/v2\/pages"}],"about":[{"href":"https:\/\/simayyachtcharters.com\/it\/wp-json\/wp\/v2\/types\/page"}],"author":[{"embeddable":true,"href":"https:\/\/simayyachtcharters.com\/it\/wp-json\/wp\/v2\/users\/2"}],"replies":[{"embeddable":true,"href":"https:\/\/simayyachtcharters.com\/it\/wp-json\/wp\/v2\/comments?post=1062"}],"version-history":[{"count":2,"href":"https:\/\/simayyachtcharters.com\/it\/wp-json\/wp\/v2\/pages\/1062\/revisions"}],"predecessor-version":[{"id":8719,"href":"https:\/\/simayyachtcharters.com\/it\/wp-json\/wp\/v2\/pages\/1062\/revisions\/8719"}],"wp:attachment":[{"href":"https:\/\/simayyachtcharters.com\/it\/wp-json\/wp\/v2\/media?parent=1062"}],"curies":[{"name":"parola chiave","href":"https:\/\/api.w.org\/{rel}","templated":true}]}}