{"id":2009,"date":"2018-11-29T21:44:13","date_gmt":"2018-11-29T21:44:13","guid":{"rendered":"http:\/\/demo06.gethomey.io\/?page_id=2009"},"modified":"2026-04-04T08:47:47","modified_gmt":"2026-04-04T08:47:47","slug":"alquiler-de-yates","status":"publish","type":"page","link":"https:\/\/simayyachtcharters.com\/es\/alquiler-de-yates\/","title":{"rendered":"Alquiler de yates"},"content":{"rendered":"<h2>Charter Yachts; Private Yacht Charters<\/h2>\n<p data-start=\"63\" data-end=\"424\">Mares azules, bocas secretas y aguas abiertas que te invitan? Tus fantas\u00edas se vuelven realidad con <strong data-start=\"149\" data-end=\"167\">alquiler de yates<\/strong>, tu puerta a una experiencia de vacaciones que quedar\u00e1 para siempre grabada en tu memoria. Sea que seas un marinero experimentado o un novato en el mar, <strong data-start=\"304\" data-end=\"322\">alquiler de yates<\/strong> ofrecer lo mejor en lujo, flexibilidad y la oportunidad de crear recuerdos que duren una vida.<\/p>\n<p data-start=\"426\" data-end=\"584\">La atracci\u00f3n de un <strong data-start=\"442\" data-end=\"459\">alquiler de yate<\/strong> es la experiencia personalizada que ofrece. A diferencia de cruceros convencionales o vacaciones basadas en tierra, una <strong data-start=\"557\" data-end=\"574\">alquiler de yate<\/strong> ofertas:<\/p>\n<ul data-start=\"586\" data-end=\"1410\">\n<li data-start=\"586\" data-end=\"771\"><strong data-start=\"588\" data-end=\"624\">Privacidad y Soledad Inigualables:<\/strong> Escape los grupos y disfruta de momentos especiales con tu familia y amigos. Tu yate es tu para\u00edso flotante privado, adaptado a tus preferencias.<\/li>\n<li data-start=\"772\" data-end=\"926\"><strong data-start=\"774\" data-end=\"802\">FLEXIBILIDAD Y LIBERTAD:<\/strong> Dise\u00f1a tu itinerario y explora los destinos a tu propio ritmo. Visita bah\u00edas rec\u00f3nditas, joyas ocultas y lugares de inter\u00e9s cultural.<\/li>\n<li data-start=\"927\" data-end=\"1101\"><strong data-start=\"929\" data-end=\"954\">Servicio Personalizado:<\/strong> Disfruta de una hospitalidad de clase mundial con un equipo profesional, incluido el capit\u00e1n, el chef y la azafata, garantizando una experiencia sin igual y lujosa.<\/li>\n<li data-start=\"1102\" data-end=\"1258\"><strong data-start=\"1104\" data-end=\"1127\">Lujo y comodidad:<\/strong> Disfruta de amplias cabinas, cocina gourmet y instalaciones de entretenimiento, con juguetes acu\u00e1ticos y modernas comodidades a tu disposici\u00f3n.<\/li>\n<li data-start=\"1259\" data-end=\"1410\"><strong data-start=\"1261\" data-end=\"1286\">Destinos Diversos:<\/strong> Navega hasta ubicaciones deslumbrantes en todo el mundo, desde el Caribe y el Mediterr\u00e1neo hasta el Sudeste Asi\u00e1tico e Islas del Pac\u00edfico.<\/li>\n<\/ul>\n<h3 data-start=\"1412\" data-end=\"1455\"><strong data-start=\"1416\" data-end=\"1453\">Encontrando el Yate de Carta Perfecto<\/strong><\/h3>\n<p data-start=\"1457\" data-end=\"1696\">Navegando el mundo de <strong data-start=\"1481\" data-end=\"1499\">alquiler de yates<\/strong> pueden parecer abrumadoras, pero nuestra web simplifica el proceso con un men\u00fa completo &#8220;Alquiler de Yates&#8221;. Navega por una colecci\u00f3n cuidadosamente seleccionada de yates que coinciden con tus preferencias y presupuesto.<\/p>\n<ul data-start=\"1698\" data-end=\"2255\">\n<li data-start=\"1698\" data-end=\"1813\"><strong data-start=\"1700\" data-end=\"1715\">Tipo de yate:<\/strong> Elija entre una variedad de opciones, incluidas yachtas de vela, yacutas motor, catamaranes y gulet.<\/li>\n<li data-start=\"1814\" data-end=\"1897\"><strong data-start=\"1816\" data-end=\"1838\">Tama\u00f1o y Capacidad:<\/strong> Seleccione un yate que comodamente acomode a su grupo.<\/li>\n<li data-start=\"1898\" data-end=\"2019\"><strong data-start=\"1900\" data-end=\"1909\">Multitud:<\/strong> Considere la experiencia y profesionalismo del personal a bordo, ya que desempe\u00f1an un papel vital en tu viaje.<\/li>\n<li data-start=\"2020\" data-end=\"2162\"><strong data-start=\"2022\" data-end=\"2038\">Destino:<\/strong> Elige un destino que se alinee con tus intereses\u2014ya sea turismo hist\u00f3rico, playas tranquilas o actividades acu\u00e1ticas.<\/li>\n<li data-start=\"2163\" data-end=\"2255\"><strong data-start=\"2165\" data-end=\"2176\">Presupuesto:<\/strong> Defina su presupuesto y explora las mejores opciones disponibles dentro de sus medios.<\/li>\n<\/ul>\n<h3 data-start=\"2257\" data-end=\"2307\"><strong data-start=\"2261\" data-end=\"2305\">Maximizando tu Experiencia en una Lancha de Alquiler<\/strong><\/h3>\n<p data-start=\"2309\" data-end=\"2386\">Para sacar el m\u00e1ximo provecho de tu <strong data-start=\"2337\" data-end=\"2354\">alquiler de yate<\/strong>, considere las siguientes pautas:<\/p>\n<ul data-start=\"2388\" data-end=\"2980\">\n<li data-start=\"2388\" data-end=\"2499\"><strong data-start=\"2390\" data-end=\"2405\">Planea con Antelaci\u00f3n:<\/strong> Reserva con antelaci\u00f3n, especialmente durante la temporada alta, para asegurar tu ideal yate y destino.<\/li>\n<li data-start=\"2500\" data-end=\"2644\"><strong data-start=\"2502\" data-end=\"2535\">Comunica Tus Preferencias:<\/strong> Comparte los detalles sobre tus necesidades diet\u00e9ticas, actividades y preferencias de itinerario con tu broker de alquiler o tripulaci\u00f3n.<\/li>\n<li data-start=\"2645\" data-end=\"2761\"><strong data-start=\"2647\" data-end=\"2671\">Acercaos de la Flexibilidad:<\/strong> S\u00e9 abierto a ajustar tu itinerario debido a cambios clim\u00e1ticos o oportunidades inesperadas.<\/li>\n<li data-start=\"2762\" data-end=\"2870\"><strong data-start=\"2764\" data-end=\"2784\">Rel\u00e1jate y disfruta:<\/strong> Deja que la tripulaci\u00f3n se encargue de los detalles mientras t\u00fa te enfocas en crear recuerdos inolvidables.<\/li>\n<li data-start=\"2871\" data-end=\"2980\"><strong data-start=\"2873\" data-end=\"2902\">Experimenta la Cocina Local:<\/strong> Solicita a tu chef que prepare platos regionales del \u00e1rea en la que te encuentras.<\/li>\n<\/ul>\n<h3 data-start=\"2982\" data-end=\"3029\"><strong data-start=\"2986\" data-end=\"3027\">El futuro de las vacaciones en yates de alquiler<\/strong><\/h3>\n<p data-start=\"3031\" data-end=\"3285\">En <strong data-start=\"3035\" data-end=\"3052\">alquiler de yate<\/strong> la industria contin\u00faa evolucionando, con innovaciones en sostenibilidad, tecnolog\u00eda a bordo y servicios de lujo.<a href=\"https:\/\/www.hasyatkiralama.com\/en\/\" target=\"_blank\" rel=\"noopener\"> Mirar hacia adelante<\/a> a yates eco-friendly, amenidades de vanguardia y experiencias personalizadas adaptadas a los viajeros modernos.<\/p>\n<h3 data-start=\"3287\" data-end=\"3307\"><strong data-start=\"3291\" data-end=\"3305\">Conclusi\u00f3n<\/strong><\/h3>\n<p data-start=\"3309\" data-end=\"3587\" data-is-last-node=\"\" data-is-only-node=\"\">A <a href=\"https:\/\/simayyachtcharters.com\/\"><strong data-start=\"3311\" data-end=\"3328\">alquiler de yate<\/strong><\/a> es la forma ultimate de explorar los destinos m\u00e1s impresionantes del mundo con comodidad y estilo. Con un planeamiento cuidadoso y la gu\u00eda de expertos, tu escapada so\u00f1ada est\u00e1 a solo un clic. Navega por nuestro men\u00fa &#8220;Yates de Lujo en Arriendo&#8221; hoy y embarca en tu pr\u00f3xima aventura de lujo\u00a1!<\/p>\n<figure id=\"attachment_9251\" aria-describedby=\"caption-attachment-9251\" style=\"width: 300px\" class=\"wp-caption aligncenter\"><img fetchpriority=\"high\" decoding=\"async\" class=\"size-medium wp-image-9251\" src=\"https:\/\/simayyachtcharters.com\/wp-content\/uploads\/2025\/03\/trawler-simay-f-300x169.jpg\" alt=\"Alquiler de yates\" width=\"300\" height=\"169\" title=\"\" srcset=\"https:\/\/simayyachtcharters.com\/wp-content\/uploads\/2025\/03\/trawler-simay-f-300x169.jpg 300w, https:\/\/simayyachtcharters.com\/wp-content\/uploads\/2025\/03\/trawler-simay-f-1024x575.jpg 1024w, https:\/\/simayyachtcharters.com\/wp-content\/uploads\/2025\/03\/trawler-simay-f-768x431.jpg 768w, https:\/\/simayyachtcharters.com\/wp-content\/uploads\/2025\/03\/trawler-simay-f-890x500.jpg 890w, https:\/\/simayyachtcharters.com\/wp-content\/uploads\/2025\/03\/trawler-simay-f.jpg 1280w\" sizes=\"(max-width: 300px) 100vw, 300px\" \/><figcaption id=\"caption-attachment-9251\" class=\"wp-caption-text\">Alquiler de yates<\/figcaption><\/figure>\n<p data-start=\"3309\" data-end=\"3587\" data-is-last-node=\"\" data-is-only-node=\"\">","protected":false},"excerpt":{"rendered":"<p>Charter Yachts; Private Yacht Charters Blue seas, secret bays, and open waters beckoning? Your fantasies become reality with charter yachts, your gateway to a holiday experience that will forever be etched in your memory. Whether you are a seasoned sailor or a novice at sea, charter yachts offer the best in luxury, flexibility, and the [&hellip;]<\/p>","protected":false},"author":2,"featured_media":0,"parent":0,"menu_order":0,"comment_status":"closed","ping_status":"closed","template":"template\/template-listing-grid.php","meta":{"footnotes":""},"class_list":["post-2009","page","type-page","status-publish","hentry"],"_links":{"self":[{"href":"https:\/\/simayyachtcharters.com\/es\/wp-json\/wp\/v2\/pages\/2009","targetHints":{"allow":["GET"]}}],"collection":[{"href":"https:\/\/simayyachtcharters.com\/es\/wp-json\/wp\/v2\/pages"}],"about":[{"href":"https:\/\/simayyachtcharters.com\/es\/wp-json\/wp\/v2\/types\/page"}],"author":[{"embeddable":true,"href":"https:\/\/simayyachtcharters.com\/es\/wp-json\/wp\/v2\/users\/2"}],"replies":[{"embeddable":true,"href":"https:\/\/simayyachtcharters.com\/es\/wp-json\/wp\/v2\/comments?post=2009"}],"version-history":[{"count":10,"href":"https:\/\/simayyachtcharters.com\/es\/wp-json\/wp\/v2\/pages\/2009\/revisions"}],"predecessor-version":[{"id":13011,"href":"https:\/\/simayyachtcharters.com\/es\/wp-json\/wp\/v2\/pages\/2009\/revisions\/13011"}],"wp:attachment":[{"href":"https:\/\/simayyachtcharters.com\/es\/wp-json\/wp\/v2\/media?parent=2009"}],"curies":[{"name":"wp","href":"https:\/\/api.w.org\/{rel}","templated":true}]}}