{"id":814,"date":"2016-09-06T11:31:27","date_gmt":"2016-09-06T11:31:27","guid":{"rendered":"http:\/\/simayyachtcharters.com\/?page_id=814"},"modified":"2026-01-10T08:12:19","modified_gmt":"2026-01-10T08:12:19","slug":"buchung","status":"publish","type":"page","link":"https:\/\/simayyachtcharters.com\/de\/buchung\/","title":{"rendered":"Buchung"},"content":{"rendered":"<h2><a href=\"https:\/\/simayyachtcharters.com\/\">Buchung<\/a> -Simay Yacht Charters \u2013 Privater Yachtcharter <a href=\"https:\/\/www.hasyatkiralama.com\/en\/home.html\" target=\"_blank\" rel=\"noopener\">T\u00fcrkei<\/a>\u00a0&amp; Griechenland<\/h2>\n<p>Bei Simay Yacht Charters buchen Sie Ihre Traumyacht ganz einfach und unkompliziert. St\u00f6bern Sie durch unsere Auswahl an Luxusyachten, w\u00e4hlen Sie Ihr Wunschdatum und Reiseziel und sichern Sie sich Ihre Reservierung in nur wenigen Schritten. Unser benutzerfreundliches Buchungssystem sorgt f\u00fcr einen reibungslosen Ablauf, sodass Sie sich ganz auf die Planung Ihres perfekten Urlaubs konzentrieren k\u00f6nnen. Ob entspannte Kreuzfahrt oder abenteuerlicher Seeausflug \u2013 wir machen Ihre Reise unvergesslich. Buchen Sie jetzt und stechen Sie voller Zuversicht in See!<\/p>\n<p>&nbsp;<\/p>\n<figure id=\"attachment_9101\" aria-describedby=\"caption-attachment-9101\" style=\"width: 300px\" class=\"wp-caption aligncenter\"><img fetchpriority=\"high\" decoding=\"async\" class=\"size-medium wp-image-9101\" src=\"https:\/\/simayyachtcharters.com\/wp-content\/uploads\/2025\/03\/Arielle-Exterior-2-300x169.jpg\" alt=\"Buchung\" width=\"300\" height=\"169\" title=\"\" srcset=\"https:\/\/simayyachtcharters.com\/wp-content\/uploads\/2025\/03\/Arielle-Exterior-2-300x169.jpg 300w, https:\/\/simayyachtcharters.com\/wp-content\/uploads\/2025\/03\/Arielle-Exterior-2-1024x576.jpg 1024w, https:\/\/simayyachtcharters.com\/wp-content\/uploads\/2025\/03\/Arielle-Exterior-2-768x432.jpg 768w, https:\/\/simayyachtcharters.com\/wp-content\/uploads\/2025\/03\/Arielle-Exterior-2-889x500.jpg 889w, https:\/\/simayyachtcharters.com\/wp-content\/uploads\/2025\/03\/Arielle-Exterior-2.jpg 1280w\" sizes=\"(max-width: 300px) 100vw, 300px\" \/><figcaption id=\"caption-attachment-9101\" class=\"wp-caption-text\">Buchung<\/figcaption><\/figure>","protected":false},"excerpt":{"rendered":"<p>Buchung -Simay Yacht Charters &#8211; Privatjachtcharter in T\u00fcrkei und Griechenland Bei Simay Yacht Charters machen wir es Ihnen leicht und stressfrei, Ihren Traumjachtausflug zu buchen. St\u00f6bern Sie in unserer Auswahl an Luxusjachten, w\u00e4hlen Sie Ihren gew\u00fcnschten Termin und Zielort aus, und sichern Sie Ihre Reservierung in nur wenigen einfachen Schritten. Unsere benutzerfreundliche Buchungsanwendung stellt sicher, dass der Prozess reibungslos verl\u00e4uft, [&hellip;]<\/p>","protected":false},"author":2,"featured_media":0,"parent":0,"menu_order":0,"comment_status":"closed","ping_status":"closed","template":"","meta":{"footnotes":""},"class_list":["post-814","page","type-page","status-publish","hentry"],"_links":{"self":[{"href":"https:\/\/simayyachtcharters.com\/de\/wp-json\/wp\/v2\/pages\/814","targetHints":{"allow":["GET"]}}],"collection":[{"href":"https:\/\/simayyachtcharters.com\/de\/wp-json\/wp\/v2\/pages"}],"about":[{"href":"https:\/\/simayyachtcharters.com\/de\/wp-json\/wp\/v2\/types\/page"}],"author":[{"embeddable":true,"href":"https:\/\/simayyachtcharters.com\/de\/wp-json\/wp\/v2\/users\/2"}],"replies":[{"embeddable":true,"href":"https:\/\/simayyachtcharters.com\/de\/wp-json\/wp\/v2\/comments?post=814"}],"version-history":[{"count":5,"href":"https:\/\/simayyachtcharters.com\/de\/wp-json\/wp\/v2\/pages\/814\/revisions"}],"predecessor-version":[{"id":12642,"href":"https:\/\/simayyachtcharters.com\/de\/wp-json\/wp\/v2\/pages\/814\/revisions\/12642"}],"wp:attachment":[{"href":"https:\/\/simayyachtcharters.com\/de\/wp-json\/wp\/v2\/media?parent=814"}],"curies":[{"name":"wp","href":"https:\/\/api.w.org\/{rel}","templated":true}]}}