{"id":2266,"date":"2025-03-04T05:59:22","date_gmt":"2025-03-04T05:59:22","guid":{"rendered":"https:\/\/danverairporttransfer.com\/?page_id=2266"},"modified":"2026-04-04T08:27:11","modified_gmt":"2026-04-04T08:27:11","slug":"vip-transfer-vom-flughafen-zu-simay-yachting","status":"publish","type":"page","link":"https:\/\/simayyachtcharters.com\/de\/vip-transfer-vom-flughafen-zu-simay-yachting\/","title":{"rendered":"VIP-Transfer vom Flughafen zu Simay Yachting"},"content":{"rendered":"<h2>VIP-Transfer vom Flughafen zu Simay Yachting<\/h2>\r\n\r\n\r\n\r\n<p>Simay Yachting Rental ist ein Unternehmen, das seit Jahren f\u00fcr die Qualit\u00e4t seiner Dienstleistungen im Yachting-Sektor bekannt ist. Wir haben immer den Komfort unserer G\u00e4ste in den Vordergrund gestellt, angefangen von Yachttouren, haben wir jetzt begonnen, Dienstleistungen in Flughafentransfers mit VIP-Fahrzeugen anzubieten.<\/p>\r\n\r\n\r\n\r\n<p>Jeder Gast ist f\u00fcr uns wertvoll, und die Gew\u00e4hrleistung seines Komforts in jeder Phase seiner Reise hat f\u00fcr uns oberste Priorit\u00e4t. Wir zeigen die gleiche Sorgfalt zu Beginn Ihrer Reise, auch w\u00e4hrend des Transfers zum Flughafen. Wir bieten Ihnen ein besonderes Transfererlebnis mit unseren VIP-Fahrzeugen und professionellen Fahrern.<\/p>\r\n\r\n\r\n\r\n<p>Mit unseren VIP-Fahrzeugen f\u00fcr den Flughafentransfer haben Sie die M\u00f6glichkeit, auf hohem Niveau zu reisen. Unsere Fahrzeuge sind mit bequemen Sitzen, ger\u00e4umigen Innenr\u00e4umen, speziellen Klimaanlagen und hochmoderner Ausstattung ausgestattet und sorgen f\u00fcr Ihren Komfort w\u00e4hrend Ihrer Reise.<\/p>\r\n\r\n\r\n\r\n<p>Unsere Berufskraftfahrer verf\u00fcgen nicht nur \u00fcber umfangreiche Erfahrung, sondern haben auch eine spezielle Ausbildung absolviert, um die Sicherheit und Zufriedenheit unserer G\u00e4ste zu gew\u00e4hrleisten. Wir denken an jedes Detail, um Ihnen eine sichere und problemlose Fahrt zu bieten und bem\u00fchen uns, den besten Service zu bieten.<\/p>\r\n\r\n\r\n\r\n<p>Das Timing ist bei Flughafentransfers sehr wichtig. Aus diesem Grund erstellen wir im Voraus ein detailliertes Programm, das sich an Ihre Reisepl\u00e4ne anpasst. Wir planen den f\u00fcr Sie am besten geeigneten Transferablauf unter Ber\u00fccksichtigung Ihrer Flugzeiten und sorgen daf\u00fcr, dass Sie die <a href=\"https:\/\/www.dalamanairport.aero\/tr\/\" target=\"_blank\" rel=\"noopener\">Flughafen<\/a> p\u00fcnktlich.<\/p>\r\n\r\n\r\n\r\n<p>Als Simay Yachting, verbessern wir uns st\u00e4ndig, um den Komfort und die Zufriedenheit unserer G\u00e4ste auf dem h\u00f6chsten Niveau zu halten. Wir erneuern und verbessern st\u00e4ndig unsere Fahrzeuge und Dienstleistungen, um die beste Erfahrung in Flughafentransfers zu bieten.<\/p>\r\n\r\n\r\n\r\n<p>Denken Sie daran, dass Sie in jeder Phase Ihrer Reise ein komfortables und luxuri\u00f6ses Erlebnis haben m\u00f6chten, <a href=\"https:\/\/simayyachtcharters.com\/\">Simay Yachting<\/a> ist f\u00fcr Sie da mit unserem Flughafen-Transfer-Service mit unseren VIP-Fahrzeugen. Kontaktieren Sie uns und genie\u00dfen Sie den Komfort vom Anfang bis zum Ende Ihrer Reise.<\/p>\r\n\r\n\r\n\r\n<p>&nbsp;<\/p>\r\n<figure id=\"attachment_8713\" aria-describedby=\"caption-attachment-8713\" style=\"width: 300px\" class=\"wp-caption aligncenter\"><img fetchpriority=\"high\" decoding=\"async\" class=\"size-medium wp-image-8713\" src=\"https:\/\/simayyachtcharters.com\/wp-content\/uploads\/2025\/03\/vip3-1-736x414-1-300x169.jpg\" alt=\"VIP-Transfer vom Flughafen zu Simay Yachting\" width=\"300\" height=\"169\" title=\"\" srcset=\"https:\/\/simayyachtcharters.com\/wp-content\/uploads\/2025\/03\/vip3-1-736x414-1-300x169.jpg 300w, https:\/\/simayyachtcharters.com\/wp-content\/uploads\/2025\/03\/vip3-1-736x414-1.jpg 736w\" sizes=\"(max-width: 300px) 100vw, 300px\" \/><figcaption id=\"caption-attachment-8713\" class=\"wp-caption-text\">VIP-Transfer vom Flughafen zu Simay Yachting<\/figcaption><\/figure>","protected":false},"excerpt":{"rendered":"<p>VIP-Transfer vom Flughafen zu Simay Yachting Simay Yachting Rental ist ein Unternehmen, das seit Jahren f\u00fcr seine qualitativ hochwertigen Dienstleistungen im Yachtbereich bekannt ist. Immer den Komfort unserer G\u00e4ste im Vordergrund behaltend, von Yacht-Touren bis hin zu Flughafentransfers mit VIP-Fahrzeugen, bieten wir nun auch diese Dienstleistung an. Jeder [&hellip;]<\/p>","protected":false},"author":2,"featured_media":8714,"parent":0,"menu_order":0,"comment_status":"closed","ping_status":"closed","template":"","meta":{"footnotes":""},"class_list":["post-2266","page","type-page","status-publish","has-post-thumbnail","hentry"],"_links":{"self":[{"href":"https:\/\/simayyachtcharters.com\/de\/wp-json\/wp\/v2\/pages\/2266","targetHints":{"allow":["GET"]}}],"collection":[{"href":"https:\/\/simayyachtcharters.com\/de\/wp-json\/wp\/v2\/pages"}],"about":[{"href":"https:\/\/simayyachtcharters.com\/de\/wp-json\/wp\/v2\/types\/page"}],"author":[{"embeddable":true,"href":"https:\/\/simayyachtcharters.com\/de\/wp-json\/wp\/v2\/users\/2"}],"replies":[{"embeddable":true,"href":"https:\/\/simayyachtcharters.com\/de\/wp-json\/wp\/v2\/comments?post=2266"}],"version-history":[{"count":3,"href":"https:\/\/simayyachtcharters.com\/de\/wp-json\/wp\/v2\/pages\/2266\/revisions"}],"predecessor-version":[{"id":8715,"href":"https:\/\/simayyachtcharters.com\/de\/wp-json\/wp\/v2\/pages\/2266\/revisions\/8715"}],"wp:featuredmedia":[{"embeddable":true,"href":"https:\/\/simayyachtcharters.com\/de\/wp-json\/wp\/v2\/media\/8714"}],"wp:attachment":[{"href":"https:\/\/simayyachtcharters.com\/de\/wp-json\/wp\/v2\/media?parent=2266"}],"curies":[{"name":"wp","href":"https:\/\/api.w.org\/{rel}","templated":true}]}}