{"id":2009,"date":"2018-11-29T21:44:13","date_gmt":"2018-11-29T21:44:13","guid":{"rendered":"http:\/\/demo06.gethomey.io\/?page_id=2009"},"modified":"2026-04-04T08:47:47","modified_gmt":"2026-04-04T08:47:47","slug":"charter-yachten","status":"publish","type":"page","link":"https:\/\/simayyachtcharters.com\/de\/charter-yachten\/","title":{"rendered":"Charter Yachten"},"content":{"rendered":"<h2>Charter Yachts; Private Yacht Charters<\/h2>\n<p data-start=\"63\" data-end=\"424\">Blauer Meere, geheime Buchtens und offene Gew\u00e4sser, die dich locken? Deine Tr\u00e4ume werden Wirklichkeit mit <strong data-start=\"149\" data-end=\"167\">Charter-Yachten<\/strong>, dein Zugang zu einem Ferienerlebnis, das sich f\u00fcr immer in deinem Ged\u00e4chtnis einpr\u00e4gt. Ob du erfahrener Segler bist oder noch Anf\u00e4nger auf dem Meer, <strong data-start=\"304\" data-end=\"322\">Charter-Yachten<\/strong> bieten Sie das Beste in Luxus, Flexibilit\u00e4t und der M\u00f6glichkeit, Erinnerungen zu schaffen, die ein Leben lang anhalten.<\/p>\n<p data-start=\"426\" data-end=\"584\">Der Reiz eines <strong data-start=\"442\" data-end=\"459\">Yacht charter<\/strong> bietet sie ein ma\u00dfgeschneidertes Erlebnis. Im Gegensatz zu konventionellen Kreuzfahrten oder landbasierten Urlauben, bietet sie ein <strong data-start=\"557\" data-end=\"574\">Yacht charter<\/strong> Angebote:<\/p>\n<ul data-start=\"586\" data-end=\"1410\">\n<li data-start=\"586\" data-end=\"771\"><strong data-start=\"588\" data-end=\"624\">Ungleichgeschmackte Privatsph\u00e4re und Abgeschiedenheit:<\/strong> Vermeiden Sie die Massen und genie\u00dfen Sie besondere Momente mit Familie und Freunden. Ihr Yacht ist Ihre private, schwebende Oase, angepasst an Ihre Vorlieben.<\/li>\n<li data-start=\"772\" data-end=\"926\"><strong data-start=\"774\" data-end=\"802\">Flektibilit\u00e4t und Freiheit:<\/strong> Entwerfe dein Reiseroutenplan und erkunde die Zielorte auf deinem eigenen Tempo. Besuche abgelegene Bucht, verborgene Juwelen und kulturelle Brennpunkte.<\/li>\n<li data-start=\"927\" data-end=\"1101\"><strong data-start=\"929\" data-end=\"954\">Pers\u00f6nlicher Service:<\/strong> Gefallen Sie an der weltklasse Hospitabilit\u00e4t mit einem professionellen Crew, inklusive Kapit\u00e4n, Chef und Stewardess, die eine nahtlose und luxuri\u00f6se Erfahrung sicherstellen.<\/li>\n<li data-start=\"1102\" data-end=\"1258\"><strong data-start=\"1104\" data-end=\"1127\">Luxus und Komfort:<\/strong> Genie\u00dfen Sie ger\u00e4umige Kabinen, gourmetreifes Essen und Unterhaltungsanlagen mit Wasserspielsachen und moderner Ausstattung zur Verf\u00fcgung.<\/li>\n<li data-start=\"1259\" data-end=\"1410\"><strong data-start=\"1261\" data-end=\"1286\">Vielf\u00e4ltige Reiseziele:<\/strong> Segeln Sie zu atemberaubenden Orten weltweit, vom Karibik- und Mittelmeergebiet bis hin zum S\u00fcdostasien und den Pazifischen Inseln.<\/li>\n<\/ul>\n<h3 data-start=\"1412\" data-end=\"1455\"><strong data-start=\"1416\" data-end=\"1453\">Die Suche nach der perfekten Chartersjacht<\/strong><\/h3>\n<p data-start=\"1457\" data-end=\"1696\">Das Navigieren in der Welt von <strong data-start=\"1481\" data-end=\"1499\">Charter-Yachten<\/strong> kann \u00fcberw\u00e4ltigend erscheinen, aber unsere Website vereinfacht den Prozess mit einer umfassenden &#8220;Charter Yachts&#8221; Men\u00fc. Durchst\u00f6bern Sie eine sorgf\u00e4ltig ausgew\u00e4hlte Sammlung von Yachten, die Ihren Vorlieben und Budget entsprechen.<\/p>\n<ul data-start=\"1698\" data-end=\"2255\">\n<li data-start=\"1698\" data-end=\"1813\"><strong data-start=\"1700\" data-end=\"1715\">Yacht-Typ:<\/strong> W\u00e4hlen Sie aus einer Reihe von Optionen, einschlie\u00dflich Segelyachten, Motorjachten, Katamaranen und Gulet.<\/li>\n<li data-start=\"1814\" data-end=\"1897\"><strong data-start=\"1816\" data-end=\"1838\">Gr\u00f6\u00dfe und Kapazit\u00e4t:<\/strong> W\u00e4hlen Sie ein Yacht, das Ihren Gruppen bequem Platz bietet.<\/li>\n<li data-start=\"1898\" data-end=\"2019\"><strong data-start=\"1900\" data-end=\"1909\">Crew:<\/strong> Ber\u00fccksichtige die Erfahrung und Professionalit\u00e4t des an Bord befindlichen Crews, da sie eine entscheidende Rolle in deiner Reise spielen.<\/li>\n<li data-start=\"2020\" data-end=\"2162\"><strong data-start=\"2022\" data-end=\"2038\">Ziel:<\/strong> W\u00e4hlen Sie ein Ziel, das zu Ihren Interessen passt\u2014sei es historische Sehensw\u00fcrdigkeiten, ruhige Str\u00e4nde oder Wasseraktivit\u00e4ten.<\/li>\n<li data-start=\"2163\" data-end=\"2255\"><strong data-start=\"2165\" data-end=\"2176\">Budget:<\/strong> Definieren Sie Ihr Budget und erkunden Sie die besten verf\u00fcgbaren Optionen innerhalb Ihres finanziellen Rahmens.<\/li>\n<\/ul>\n<h3 data-start=\"2257\" data-end=\"2307\"><strong data-start=\"2261\" data-end=\"2305\">Maximieren Sie Ihren Jachterlebnis mit einer Charterjacht<\/strong><\/h3>\n<p data-start=\"2309\" data-end=\"2386\">Um den gr\u00f6\u00dftm\u00f6glichen Nutzen daraus zu ziehen <strong data-start=\"2337\" data-end=\"2354\">Yacht charter<\/strong>,achten Sie auf die folgenden Tipps:<\/p>\n<ul data-start=\"2388\" data-end=\"2980\">\n<li data-start=\"2388\" data-end=\"2499\"><strong data-start=\"2390\" data-end=\"2405\">Vorausplanen:<\/strong> Buchen Sie im Voraus, insbesondere in der Hochsaison, um Ihre ideale Jacht und Ihr Ziel sicherzustellen.<\/li>\n<li data-start=\"2500\" data-end=\"2644\"><strong data-start=\"2502\" data-end=\"2535\">Teilen Sie Ihre Vorlieben mit:<\/strong> Teile Informationen zu deinen Ern\u00e4hrungsbed\u00fcrfnissen, Aktivit\u00e4ten und Vorlieben hinsichtlich des Itinerars mit deinem Charterbroker oder der Crew.<\/li>\n<li data-start=\"2645\" data-end=\"2761\"><strong data-start=\"2647\" data-end=\"2671\">Entdecke Flexibilit\u00e4t:<\/strong> Sei offen f\u00fcr Anpassungen deines Itinerars aufgrund von Wetter\u00e4nderungen oder unerwarteten Gelegenheiten.<\/li>\n<li data-start=\"2762\" data-end=\"2870\"><strong data-start=\"2764\" data-end=\"2784\">Entspannen und genie\u00dfen:<\/strong> Lass die Crew die Details erledigen, w\u00e4hrend du dich auf das Erstellen unvergesslicher Erinnerungen konzentrierst.<\/li>\n<li data-start=\"2871\" data-end=\"2980\"><strong data-start=\"2873\" data-end=\"2902\">Erfahre die lokale K\u00fcche:<\/strong> Bitten Sie Ihren Chef, regionalen Gerichte aus der Gegend zuzubereiten, die Sie besuchen.<\/li>\n<\/ul>\n<h3 data-start=\"2982\" data-end=\"3029\"><strong data-start=\"2986\" data-end=\"3027\">Die Zukunft von Yachterleihferien<\/strong><\/h3>\n<p data-start=\"3031\" data-end=\"3285\">Die <strong data-start=\"3035\" data-end=\"3052\">Yacht charter<\/strong> die Industrie entwickelt sich weiter, mit Innovationen in Bezug auf Nachhaltigkeit, Bordtechnologie und Luxusdienstleistungen.<a href=\"https:\/\/www.hasyatkiralama.com\/en\/\" target=\"_blank\" rel=\"noopener\"> Vorw\u00e4rts schauen<\/a> zu umweltfreundlichen Yachten, fortschrittlichen Annehmlichkeiten und personalisierten Erlebnissen, die auf moderne Reisende zugeschnitten sind.<\/p>\n<h3 data-start=\"3287\" data-end=\"3307\"><strong data-start=\"3291\" data-end=\"3305\">Abschluss<\/strong><\/h3>\n<p data-start=\"3309\" data-end=\"3587\" data-is-last-node=\"\" data-is-only-node=\"\">A <a href=\"https:\/\/simayyachtcharters.com\/\"><strong data-start=\"3311\" data-end=\"3328\">Yacht charter<\/strong><\/a> ist die ultimative Art, die atemberaubendsten Destinations dieser Welt im Komfort und mit Stil zu erkunden. Mit sorgf\u00e4ltiger Planung und fachkundiger Beratung ist dein Traumurlaub nur einen Buchungsanruf entfernt. Stelle heute unseren Men\u00fcpunkt &#8220;Charter Yachts&#8221; und starte auf deine n\u00e4chste Luxusreise!<\/p>\n<figure id=\"attachment_9251\" aria-describedby=\"caption-attachment-9251\" style=\"width: 300px\" class=\"wp-caption aligncenter\"><img fetchpriority=\"high\" decoding=\"async\" class=\"size-medium wp-image-9251\" src=\"https:\/\/simayyachtcharters.com\/wp-content\/uploads\/2025\/03\/trawler-simay-f-300x169.jpg\" alt=\"Charter Yachten\" width=\"300\" height=\"169\" title=\"\" srcset=\"https:\/\/simayyachtcharters.com\/wp-content\/uploads\/2025\/03\/trawler-simay-f-300x169.jpg 300w, https:\/\/simayyachtcharters.com\/wp-content\/uploads\/2025\/03\/trawler-simay-f-1024x575.jpg 1024w, https:\/\/simayyachtcharters.com\/wp-content\/uploads\/2025\/03\/trawler-simay-f-768x431.jpg 768w, https:\/\/simayyachtcharters.com\/wp-content\/uploads\/2025\/03\/trawler-simay-f-890x500.jpg 890w, https:\/\/simayyachtcharters.com\/wp-content\/uploads\/2025\/03\/trawler-simay-f.jpg 1280w\" sizes=\"(max-width: 300px) 100vw, 300px\" \/><figcaption id=\"caption-attachment-9251\" class=\"wp-caption-text\">Charter Yachten<\/figcaption><\/figure>\n<p data-start=\"3309\" data-end=\"3587\" data-is-last-node=\"\" data-is-only-node=\"\">","protected":false},"excerpt":{"rendered":"<p>Charter Yachts; Private Yacht Charters Blue seas, secret bays, and open waters beckoning? Your fantasies become reality with charter yachts, your gateway to a holiday experience that will forever be etched in your memory. Whether you are a seasoned sailor or a novice at sea, charter yachts offer the best in luxury, flexibility, and the [&hellip;]<\/p>","protected":false},"author":2,"featured_media":0,"parent":0,"menu_order":0,"comment_status":"closed","ping_status":"closed","template":"template\/template-listing-grid.php","meta":{"footnotes":""},"class_list":["post-2009","page","type-page","status-publish","hentry"],"_links":{"self":[{"href":"https:\/\/simayyachtcharters.com\/de\/wp-json\/wp\/v2\/pages\/2009","targetHints":{"allow":["GET"]}}],"collection":[{"href":"https:\/\/simayyachtcharters.com\/de\/wp-json\/wp\/v2\/pages"}],"about":[{"href":"https:\/\/simayyachtcharters.com\/de\/wp-json\/wp\/v2\/types\/page"}],"author":[{"embeddable":true,"href":"https:\/\/simayyachtcharters.com\/de\/wp-json\/wp\/v2\/users\/2"}],"replies":[{"embeddable":true,"href":"https:\/\/simayyachtcharters.com\/de\/wp-json\/wp\/v2\/comments?post=2009"}],"version-history":[{"count":10,"href":"https:\/\/simayyachtcharters.com\/de\/wp-json\/wp\/v2\/pages\/2009\/revisions"}],"predecessor-version":[{"id":13011,"href":"https:\/\/simayyachtcharters.com\/de\/wp-json\/wp\/v2\/pages\/2009\/revisions\/13011"}],"wp:attachment":[{"href":"https:\/\/simayyachtcharters.com\/de\/wp-json\/wp\/v2\/media?parent=2009"}],"curies":[{"name":"wp","href":"https:\/\/api.w.org\/{rel}","templated":true}]}}