{"id":2009,"date":"2018-11-29T21:44:13","date_gmt":"2018-11-29T21:44:13","guid":{"rendered":"http:\/\/demo06.gethomey.io\/?page_id=2009"},"modified":"2026-04-04T08:47:47","modified_gmt":"2026-04-04T08:47:47","slug":"yaxtalar","status":"publish","type":"page","link":"https:\/\/simayyachtcharters.com\/az\/yaxtalar\/","title":{"rendered":"Charter Yaxtalar\u0131"},"content":{"rendered":"<h2>Charter Yachts; Private Yacht Charters<\/h2>\n<p data-start=\"63\" data-end=\"424\">Mavi d\u0259nizl\u0259r, gizli k\u00f6rf\u0259zl\u0259r v\u0259 a\u00e7\u0131q sular \u00e7a\u011f\u0131r\u0131r? Bununla birlikd\u0259 fantaziyalar\u0131n\u0131z reall\u0131\u011fa \u00e7evrilir <strong data-start=\"149\" data-end=\"167\">yaxtalar<\/strong>, yadda\u015f\u0131n\u0131zda \u0259b\u0259di olaraq h\u0259kk olunacaq bayram t\u0259cr\u00fcb\u0259sin\u0259 a\u00e7\u0131lan qap\u0131n\u0131z. \u0130st\u0259r t\u0259cr\u00fcb\u0259li d\u0259niz\u00e7i, ist\u0259rs\u0259 d\u0259 d\u0259nizd\u0259 t\u0259cr\u00fcb\u0259siz, <strong data-start=\"304\" data-end=\"322\">yaxtalar<\/strong> l\u00fcks, \u00e7eviklik v\u0259 \u00f6m\u00fcr boyu davam ed\u0259n xatir\u0259l\u0259r yaratmaq imkan\u0131nda \u0259n yax\u015f\u0131s\u0131n\u0131 t\u0259klif edin.<\/p>\n<p data-start=\"426\" data-end=\"584\">M\u00fcraci\u0259t A <strong data-start=\"442\" data-end=\"459\">kiray\u0259 yaxta<\/strong> t\u0259min etdiyi f\u0259rdil\u0259\u015fdirilmi\u015f t\u0259cr\u00fcb\u0259dir. Adi kruizl\u0259rd\u0259n v\u0259 ya quruda olan t\u0259till\u0259rd\u0259n f\u0259rqli olaraq, a <strong data-start=\"557\" data-end=\"574\">kiray\u0259 yaxta<\/strong> t\u0259klif edir:<\/p>\n<ul data-start=\"586\" data-end=\"1410\">\n<li data-start=\"586\" data-end=\"771\"><strong data-start=\"588\" data-end=\"624\">B\u0259nz\u0259rsiz M\u0259xfilik v\u0259 Gizlilik:<\/strong> \u0130zdihamdan qa\u00e7\u0131n v\u0259 ail\u0259niz v\u0259 dostlar\u0131n\u0131zla x\u00fcsusi anlardan h\u0259zz al\u0131n. Yaxtan\u0131z sizin se\u00e7iml\u0259riniz\u0259 uy\u011funla\u015fd\u0131r\u0131lm\u0131\u015f \u015f\u0259xsi \u00fcz\u0259n c\u0259nn\u0259tinizdir.<\/li>\n<li data-start=\"772\" data-end=\"926\"><strong data-start=\"774\" data-end=\"802\">\u00c7eviklik v\u0259 Azadl\u0131q:<\/strong> Mar\u015frutunuzu t\u0259rtib edin v\u0259 istiqam\u0259tl\u0259ri \u00f6z s\u00fcr\u0259tinizl\u0259 k\u0259\u015ff edin. Gizli k\u00f6rf\u0259zl\u0259ri, gizli da\u015f-qa\u015flar\u0131 v\u0259 m\u0259d\u0259ni qaynar n\u00f6qt\u0259l\u0259ri ziyar\u0259t edin.<\/li>\n<li data-start=\"927\" data-end=\"1101\"><strong data-start=\"929\" data-end=\"954\">F\u0259rdi xidm\u0259t:<\/strong> Sorunsuz v\u0259 d\u0259bd\u0259b\u0259li t\u0259cr\u00fcb\u0259 t\u0259min ed\u0259r\u0259k, kapitan, a\u015fpaz v\u0259 st\u00fcardessa da daxil olmaqla pe\u015f\u0259kar ekipajla d\u00fcnya s\u0259viyy\u0259li qonaqp\u0259rv\u0259rlikd\u0259n h\u0259zz al\u0131n.<\/li>\n<li data-start=\"1102\" data-end=\"1258\"><strong data-start=\"1104\" data-end=\"1127\">L\u00fcks v\u0259 Rahatl\u0131q:<\/strong> Geni\u015f kabinl\u0259rd\u0259, gurme yem\u0259kl\u0259rind\u0259 v\u0259 \u0259yl\u0259nc\u0259 obyektl\u0259rind\u0259, su oyuncaqlar\u0131 v\u0259 m\u00fcasir avadanl\u0131qlarla \u0259yl\u0259nin.<\/li>\n<li data-start=\"1259\" data-end=\"1410\"><strong data-start=\"1261\" data-end=\"1286\">M\u00fcxt\u0259lif istiqam\u0259tl\u0259r:<\/strong> Karib d\u0259nizi v\u0259 Aral\u0131q d\u0259nizind\u0259n tutmu\u015f C\u0259nub-\u015e\u0259rqi Asiya v\u0259 Sakit Okean adalar\u0131na q\u0259d\u0259r b\u00fct\u00fcn d\u00fcnyada n\u0259f\u0259s k\u0259s\u0259n yerl\u0259r\u0259 \u00fczm\u0259k.<\/li>\n<\/ul>\n<h3 data-start=\"1412\" data-end=\"1455\"><strong data-start=\"1416\" data-end=\"1453\">M\u00fck\u0259mm\u0259l Charter Yaxtas\u0131n\u0131 tapmaq<\/strong><\/h3>\n<p data-start=\"1457\" data-end=\"1696\">D\u00fcnyas\u0131nda naviqasiya <strong data-start=\"1481\" data-end=\"1499\">yaxtalar<\/strong> h\u0259dsiz g\u00f6r\u00fcn\u0259 bil\u0259r, lakin veb sayt\u0131m\u0131z h\u0259rt\u0259r\u0259fli \u201c\u00c7arter Yaxtalar\u0131\u201d menyusu il\u0259 prosesi asanla\u015fd\u0131r\u0131r. Tercihl\u0259riniz\u0259 v\u0259 b\u00fcdc\u0259niz\u0259 uy\u011fun g\u0259l\u0259n diqq\u0259tl\u0259 se\u00e7ilmi\u015f yaxta kolleksiyas\u0131na n\u0259z\u0259r sal\u0131n.<\/p>\n<ul data-start=\"1698\" data-end=\"2255\">\n<li data-start=\"1698\" data-end=\"1813\"><strong data-start=\"1700\" data-end=\"1715\">Yaxta n\u00f6v\u00fc:<\/strong> Yelk\u0259nli yaxtalar, motorlu yaxtalar, katamaranlar v\u0259 guletl\u0259r d\u0259 daxil olmaqla bir s\u0131ra se\u00e7iml\u0259rd\u0259n se\u00e7in.<\/li>\n<li data-start=\"1814\" data-end=\"1897\"><strong data-start=\"1816\" data-end=\"1838\">\u00d6l\u00e7\u00fc v\u0259 Tutum:<\/strong> Qrupunuzu rahatl\u0131qla yerl\u0259\u015fdir\u0259n yaxta se\u00e7in.<\/li>\n<li data-start=\"1898\" data-end=\"2019\"><strong data-start=\"1900\" data-end=\"1909\">Ekipaj:<\/strong> T\u0259yyar\u0259nin hey\u0259tinin t\u0259cr\u00fcb\u0259sini v\u0259 pe\u015f\u0259karl\u0131\u011f\u0131n\u0131 n\u0259z\u0259r\u0259 al\u0131n, \u00e7\u00fcnki onlar s\u0259yah\u0259tinizd\u0259 m\u00fch\u00fcm rol oynay\u0131rlar.<\/li>\n<li data-start=\"2020\" data-end=\"2162\"><strong data-start=\"2022\" data-end=\"2038\">T\u0259yinat:<\/strong> \u0130st\u0259r tarixi g\u00f6rm\u0259li yerl\u0259r, ist\u0259r sakit \u00e7im\u0259rlikl\u0259r, ist\u0259rs\u0259 d\u0259 su f\u0259aliyy\u0259ti il\u0259 ba\u011fl\u0131 maraqlar\u0131n\u0131za uy\u011fun bir t\u0259yinat se\u00e7in.<\/li>\n<li data-start=\"2163\" data-end=\"2255\"><strong data-start=\"2165\" data-end=\"2176\">B\u00fcdc\u0259:<\/strong> B\u00fcdc\u0259nizi m\u00fc\u0259yy\u0259nl\u0259\u015fdirin v\u0259 imkanlar\u0131n\u0131z daxilind\u0259 \u0259n yax\u015f\u0131 variantlar\u0131 ara\u015fd\u0131r\u0131n.<\/li>\n<\/ul>\n<h3 data-start=\"2257\" data-end=\"2307\"><strong data-start=\"2261\" data-end=\"2305\">Charter Yaxta T\u0259cr\u00fcb\u0259nizi Maksimumla\u015fd\u0131rmaq<\/strong><\/h3>\n<p data-start=\"2309\" data-end=\"2386\">Sizd\u0259n maksimum yararlanmaq \u00fc\u00e7\u00fcn <strong data-start=\"2337\" data-end=\"2354\">kiray\u0259 yaxta<\/strong>, a\u015fa\u011f\u0131dak\u0131 ipu\u00e7lar\u0131n\u0131 n\u0259z\u0259rd\u0259n ke\u00e7irin:<\/p>\n<ul data-start=\"2388\" data-end=\"2980\">\n<li data-start=\"2388\" data-end=\"2499\"><strong data-start=\"2390\" data-end=\"2405\">\u0130r\u0259li plan:<\/strong> \u0130deal yaxtan\u0131z\u0131 v\u0259 t\u0259yinat yerinizi t\u0259min etm\u0259k \u00fc\u00e7\u00fcn x\u00fcsusil\u0259 pik m\u00f6vs\u00fcmd\u0259 \u0259vv\u0259lc\u0259d\u0259n rezervasiya edin.<\/li>\n<li data-start=\"2500\" data-end=\"2644\"><strong data-start=\"2502\" data-end=\"2535\">Tercihl\u0259rinizi bildirin:<\/strong> P\u0259hriz ehtiyaclar\u0131, f\u0259aliyy\u0259tl\u0259r v\u0259 mar\u015frut se\u00e7iml\u0259ri haqq\u0131nda t\u0259f\u0259rr\u00fcatlar\u0131 \u00e7arter brokeriniz v\u0259 ya hey\u0259tinizl\u0259 payla\u015f\u0131n.<\/li>\n<li data-start=\"2645\" data-end=\"2761\"><strong data-start=\"2647\" data-end=\"2671\">\u00c7evikliyi q\u0259bul edin:<\/strong> Hava d\u0259yi\u015fiklikl\u0259ri v\u0259 ya g\u00f6zl\u0259nilm\u0259z f\u00fcrs\u0259tl\u0259r s\u0259b\u0259bind\u0259n mar\u015frutunuzu t\u0259nziml\u0259m\u0259y\u0259 haz\u0131r olun.<\/li>\n<li data-start=\"2762\" data-end=\"2870\"><strong data-start=\"2764\" data-end=\"2784\">Rahatlay\u0131n v\u0259 h\u0259zz al\u0131n:<\/strong> Siz unudulmaz xatir\u0259l\u0259r yaratma\u011fa diqq\u0259t yetir\u0259rk\u0259n ekipaj\u0131n detallar\u0131 idar\u0259 etm\u0259sin\u0259 icaz\u0259 verin.<\/li>\n<li data-start=\"2871\" data-end=\"2980\"><strong data-start=\"2873\" data-end=\"2902\">Yerli m\u0259tb\u0259xi t\u0259cr\u00fcb\u0259d\u0259n ke\u00e7irin:<\/strong> Ba\u015f a\u015fpaz\u0131n\u0131zdan ziyar\u0259t etdiyiniz b\u00f6lg\u0259d\u0259n regional yem\u0259kl\u0259r haz\u0131rlama\u011f\u0131 xahi\u015f edin.<\/li>\n<\/ul>\n<h3 data-start=\"2982\" data-end=\"3029\"><strong data-start=\"2986\" data-end=\"3027\">Charter Yacht T\u0259till\u0259rinin G\u0259l\u0259c\u0259yi<\/strong><\/h3>\n<p data-start=\"3031\" data-end=\"3285\">The <strong data-start=\"3035\" data-end=\"3052\">kiray\u0259 yaxta<\/strong> s\u0259naye davaml\u0131l\u0131q, t\u0259yyar\u0259 texnologiyas\u0131 v\u0259 l\u00fcks xidm\u0259tl\u0259rd\u0259ki yenilikl\u0259rl\u0259 inki\u015faf etm\u0259y\u0259 davam edir.<a href=\"https:\/\/www.hasyatkiralama.com\/en\/\" target=\"_blank\" rel=\"noopener\"> \u0130r\u0259li g\u00f6zl\u0259yin<\/a> ekoloji c\u0259h\u0259td\u0259n t\u0259miz yaxtalara, \u0259n m\u00fcasir \u015f\u0259rait\u0259 v\u0259 m\u00fcasir s\u0259yah\u0259t\u00e7il\u0259r\u0259 uy\u011funla\u015fd\u0131r\u0131lm\u0131\u015f f\u0259rdi t\u0259cr\u00fcb\u0259l\u0259r\u0259.<\/p>\n<h3 data-start=\"3287\" data-end=\"3307\"><strong data-start=\"3291\" data-end=\"3305\">N\u0259tic\u0259<\/strong><\/h3>\n<p data-start=\"3309\" data-end=\"3587\" data-is-last-node=\"\" data-is-only-node=\"\">A <a href=\"https:\/\/simayyachtcharters.com\/\"><strong data-start=\"3311\" data-end=\"3328\">kiray\u0259 yaxta<\/strong><\/a> rahatl\u0131q v\u0259 \u00fcslubda d\u00fcnyan\u0131n \u0259n heyr\u0259tamiz istiqam\u0259tl\u0259rini k\u0259\u015ff etm\u0259yin \u0259n yax\u015f\u0131 yoludur. Diqq\u0259tli planla\u015fd\u0131rma v\u0259 ekspert r\u0259hb\u0259rliyi il\u0259 x\u0259yal\u0131n\u0131zdak\u0131 qa\u00e7\u0131\u015f bir rezervasiya q\u0259d\u0259rdir. Bu g\u00fcn \u201c\u00c7arter Yaxtalar\u0131\u201d menyumuza n\u0259z\u0259r sal\u0131n v\u0259 n\u00f6vb\u0259ti l\u00fcks mac\u0259ran\u0131za ba\u015flay\u0131n!<\/p>\n<figure id=\"attachment_9251\" aria-describedby=\"caption-attachment-9251\" style=\"width: 300px\" class=\"wp-caption aligncenter\"><img fetchpriority=\"high\" decoding=\"async\" class=\"size-medium wp-image-9251\" src=\"https:\/\/simayyachtcharters.com\/wp-content\/uploads\/2025\/03\/trawler-simay-f-300x169.jpg\" alt=\"Charter Yaxtalar\u0131\" width=\"300\" height=\"169\" title=\"\" srcset=\"\" sizes=\"(max-width: 300px) 100vw, 300px\" data-srcset=\"\" \/><figcaption id=\"caption-attachment-9251\" class=\"wp-caption-text\">Charter Yaxtalar\u0131<\/figcaption><\/figure>\n<p data-start=\"3309\" data-end=\"3587\" data-is-last-node=\"\" data-is-only-node=\"\">","protected":false},"excerpt":{"rendered":"<p>Charter Yachts; Private Yacht Charters Blue seas, secret bays, and open waters beckoning? Your fantasies become reality with charter yachts, your gateway to a holiday experience that will forever be etched in your memory. Whether you are a seasoned sailor or a novice at sea, charter yachts offer the best in luxury, flexibility, and the [&hellip;]<\/p>","protected":false},"author":2,"featured_media":0,"parent":0,"menu_order":0,"comment_status":"closed","ping_status":"closed","template":"template\/template-listing-grid.php","meta":{"footnotes":""},"class_list":["post-2009","page","type-page","status-publish","hentry"],"_links":{"self":[{"href":"https:\/\/simayyachtcharters.com\/az\/wp-json\/wp\/v2\/pages\/2009","targetHints":{"allow":["GET"]}}],"collection":[{"href":"https:\/\/simayyachtcharters.com\/az\/wp-json\/wp\/v2\/pages"}],"about":[{"href":"https:\/\/simayyachtcharters.com\/az\/wp-json\/wp\/v2\/types\/page"}],"author":[{"embeddable":true,"href":"https:\/\/simayyachtcharters.com\/az\/wp-json\/wp\/v2\/users\/2"}],"replies":[{"embeddable":true,"href":"https:\/\/simayyachtcharters.com\/az\/wp-json\/wp\/v2\/comments?post=2009"}],"version-history":[{"count":10,"href":"https:\/\/simayyachtcharters.com\/az\/wp-json\/wp\/v2\/pages\/2009\/revisions"}],"predecessor-version":[{"id":13011,"href":"https:\/\/simayyachtcharters.com\/az\/wp-json\/wp\/v2\/pages\/2009\/revisions\/13011"}],"wp:attachment":[{"href":"https:\/\/simayyachtcharters.com\/az\/wp-json\/wp\/v2\/media?parent=2009"}],"curies":[{"name":"wp","href":"https:\/\/api.w.org\/{rel}","templated":true}]}}